{"id":5,"date":"2016-03-09T19:17:43","date_gmt":"2016-03-09T18:17:43","guid":{"rendered":"http:\/\/santiagoinlove.com\/fr\/?page_id=5"},"modified":"2024-06-05T10:30:26","modified_gmt":"2024-06-05T09:30:26","slug":"a-propos","status":"publish","type":"page","link":"https:\/\/santiagoinlove.com\/fr\/a-propos\/","title":{"rendered":"A propos"},"content":{"rendered":"\n<div style=\"height:50px\" aria-hidden=\"true\" class=\"wp-block-spacer\"><\/div>\n\n\n\n<h2 class=\"has-text-align-center\">Bonjour amis p\u00e8lerins! \ud83d\ude03<\/h2>\n\n\n\n<div style=\"height:25px\" aria-hidden=\"true\" class=\"wp-block-spacer\"><\/div>\n\n\n\n<p class=\"has-text-align-center\">Je suis <strong>Marion, amoureuse de Saint Jacques et incorrigible p\u00e8lerine<\/strong> depuis que je suis tomb\u00e9e dans les Chemins <del>il y a peu<\/del> en 2010 (&#8230; d\u00e9j\u00e0?!)<\/p>\n\n\n\n<p class=\"has-text-align-center\">J&rsquo;ai cr\u00e9\u00e9 <strong><em>Santiago in Love<\/em><\/strong> en 2016, un site 100% d\u00e9di\u00e9 \u00e0 Compostelle et l&rsquo;Esprit du Chemin. Tout le monde, p\u00e8lerin ou non, y est le bienvenu. J&rsquo;y partage mon enthousiasme pour Compostelle et aide les futurs p\u00e8lerins \u00e0 partir \u00e0 leur tour.<\/p>\n\n\n\n<div style=\"height:25px\" aria-hidden=\"true\" class=\"wp-block-spacer\"><\/div>\n\n\n\n<div class=\"wp-block-image\"><figure class=\"aligncenter size-full is-resized\"><img loading=\"lazy\" src=\"https:\/\/santiagoinlove.com\/fr\/wp-content\/uploads\/sites\/2\/2020\/06\/Portrait-1.jpg\" alt=\"A propos: \u00e0 la Cruz del ferro sur Compostelle\" class=\"wp-image-968\" width=\"750\" height=\"563\" srcset=\"https:\/\/santiagoinlove.com\/fr\/wp-content\/uploads\/sites\/2\/2020\/06\/Portrait-1.jpg 750w, https:\/\/santiagoinlove.com\/fr\/wp-content\/uploads\/sites\/2\/2020\/06\/Portrait-1-300x225.jpg 300w\" sizes=\"(max-width: 750px) 100vw, 750px\" \/><figcaption><em>A la Cruz del Ferro sur le Camino Franc\u00e9s ~ <strong>\u00a9<\/strong><\/em><\/figcaption><\/figure><\/div>\n\n\n\n<!--more-->\n\n\n\n<div style=\"height:50px\" aria-hidden=\"true\" class=\"wp-block-spacer\"><\/div>\n\n\n\n<h2 class=\"has-text-align-center\">\u00ab\u00a0Quelqu&rsquo;une\u00a0\u00bb sous la p\u00e8lerine<\/h2>\n\n\n\n<div class=\"wp-block-group\"><div class=\"wp-block-group__inner-container\">\n<p>Envie de tout savoir de moi? Dommage! Je <s>suis parano<\/s> pr\u00e9f\u00e8re rester discr\u00e8te avec mes infos perso sur le net. Je partage quand m\u00eame ici et l\u00e0 quelques trucs \u00e0 mon propos, <strong>en lien avec les Chemins<\/strong>.<\/p>\n\n\n\n<p>Voil\u00e0 pour le moment un petit portrait de moi, inspiration Compostelle! \ud83d\ude09<\/p>\n<\/div><\/div>\n\n\n\n<div class=\"wp-block-group\"><div class=\"wp-block-group__inner-container\">\n<p><strong>Si j&rsquo;\u00e9tais&#8230;<\/strong><\/p>\n<\/div><\/div>\n\n\n\n<ul><li><strong>un Chemin:<\/strong> le Camino Primitivo<\/li><li><strong>une r\u00e9gion:<\/strong> la Galice<\/li><li><strong>une ville-d\u00e9part:<\/strong> Strasbourg (France)<\/li><li><strong>une \u00e9tape:<\/strong> Nasbinals-Aubrac (Chemin du Puy, France)<\/li><li><strong>un h\u00e9bergement:<\/strong> un bivouac sans tente<\/li><li><strong>une saison:<\/strong> l&rsquo;hiver<\/li><li><strong>un paysage:<\/strong> une for\u00eat<\/li><li><strong>un \u00e9quipement:<\/strong> mon sac \u00e0 dos<\/li><li><strong>un livre:<\/strong> <em>R\u00e9cit d&rsquo;un p\u00e8lerin russe<\/em> ou <em>Apr\u00e8s l&rsquo;extase, la lessive<\/em> de Jack Kornfield<\/li><li><strong>un plat:<\/strong> un (bon!) sandwich au thon (mmmm <strong>\u2665<\/strong>)<\/li><li><strong>un dessert:<\/strong> un \u00e9clair \u00e0 la vanille (re-mmmm <strong>\u2665<\/strong>)<\/li><li><strong>une boisson:<\/strong> de l&rsquo;eau sous toutes ses formes: plate, \u00e0 bulle, avec du th\u00e9&#8230; ou du caf\u00e9\u00e9\u00e9!<\/li><li><strong>un symbole:<\/strong> une coquille avec une perle<\/li><li><strong>un rituel:<\/strong> les remerciements aux pieds de Santiago<\/li><li><strong>un mot:<\/strong> \u00ab\u00a0courage\u00a0\u00bb, au sens originel du terme (faire l&rsquo;action du c\u0153ur!)<\/li><li><strong>un conseil pour le Chemin:<\/strong> ralentir! Et profiter.<\/li><li><strong>un dernier mot:<\/strong> Buen Camino!<\/li><\/ul>\n\n\n\n<div style=\"height:100px\" aria-hidden=\"true\" class=\"wp-block-spacer\"><\/div>\n\n\n\n<h2 class=\"has-text-align-center\">P\u00e8lerine un jour, p\u00e8lerine (depuis) toujours&#8230;<\/h2>\n\n\n\n<p>J&rsquo;ai grandi en entendant parler de Compostelle. Mon plus vieux souvenir remonte \u00e0 un magazine pour enfant qui racontait l&rsquo;\u00e9pop\u00e9e du p\u00e8lerinage \u00e0 travers les \u00e2ges. Ce n&rsquo;est cependant que bien plus tard que les Chemins sont devenus une r\u00e9alit\u00e9 concr\u00e8te dans ma vie. Entre-temps, j&rsquo;ai d\u00e9velopp\u00e9 2 penchants qui ont sans aucun doute contribu\u00e9 \u00e0 faire de moi une p\u00e8lerine convaincue.<\/p>\n\n\n\n<p>D&rsquo;un c\u00f4t\u00e9, un go\u00fbt pour l&rsquo;aventure et <strong>l&rsquo;amour des voyages<\/strong>, qui fa\u00e7onnent r\u00e9guli\u00e8rement le cours de ma vie. On dit que je suis n\u00e9e avec une valise \u00e0 la main&#8230; mais je l&rsquo;ai vite troqu\u00e9e pour un sac de rando. Plus pratique, surtout pour voyager l\u00e9ger un peu partout. Sur les Chemins bien s\u00fbr, mais ailleurs aussi! Je ne tiens pas en place tr\u00e8s longtemps: un moment par-ci, un temps par-l\u00e0, je trouve vie et \u00e9quilibre dans l&rsquo;impermanence du monde.<br>Tout aussi <strong>fondamental, la voie du C\u0153ur<\/strong>. Bien que sans confession ou \u00e9tiquette religieuse, foi et spiritualit\u00e9 sont tr\u00e8s importantes pour moi. Elles se sont construites loin des dogmes, mais s&rsquo;inspire des grandes traditions. Je vis avec la pr\u00e9sence de \u00ab\u00a0l&rsquo;Ami\u00a0\u00bb, \u00e0 la recherche d&rsquo;un \u00e9quilibre entre l&rsquo;Ici et le Tout Autre. Entre eux, le C\u0153ur, instrument d&rsquo;ancrage et de reliance. Pour moi, l&rsquo;essence du \u00ab\u00a0p\u00e8lerin\u00a0\u00bb. \u00catre \u00e0 l&rsquo;\u00e9coute du C\u0153ur peut \u00eatre difficile, lui dire \u00ab\u00a0oui\u00a0\u00bb peut sembler fou. Et pourtant&#8230; rien de plus essentiel ou de plus juste! <\/p>\n\n\n\n<p>Cela me m\u00e8ne \u00e0 <strong>2010, premier appel<\/strong> de saint Jacques. Partir \u00e9tait une \u00e9vidence&#8230; Un appel du C\u0153ur pour un voyage, je ne pouvais que dire \u00ab\u00a0oui\u00a0\u00bb! \u00c2me romantique ou peu dou\u00e9e pour les demi-mesures, je d\u00e9cide que ce sera Strasbourg-Compostelle. Une aventure incroyable, qui changera la suite de ma vie.<\/p>\n\n\n\n<div style=\"height:25px\" aria-hidden=\"true\" class=\"wp-block-spacer\"><\/div>\n\n\n\n<div class=\"wp-block-image is-style-rounded\"><figure class=\"aligncenter size-medium is-resized\"><img loading=\"lazy\" src=\"http:\/\/santiagoinlove.com\/fr\/wp-content\/uploads\/sites\/2\/2016\/05\/Santiago.jpg\" alt=\"Saint Jacques de Compostelle\" class=\"wp-image-94\" width=\"240\" height=\"325\" srcset=\"https:\/\/santiagoinlove.com\/fr\/wp-content\/uploads\/sites\/2\/2016\/05\/Santiago.jpg 480w, https:\/\/santiagoinlove.com\/fr\/wp-content\/uploads\/sites\/2\/2016\/05\/Santiago-222x300.jpg 222w\" sizes=\"(max-width: 240px) 100vw, 240px\" \/><\/figure><\/div>\n\n\n\n<div style=\"height:25px\" aria-hidden=\"true\" class=\"wp-block-spacer\"><\/div>\n\n\n\n<p>Depuis, une certaine \u00ab\u00a0Compostellite\u00a0\u00bb s&rsquo;est empar\u00e9e de moi. <strong>Les Chemins sont devenus une facette fondamentale de ma vie<\/strong>. <br>\u00c9videmment, je suis retourn\u00e9e marcher ! <strong>Pr\u00e8s de 6 500 km de p\u00e8lerinages<\/strong> depuis mes premiers pas sur les Chemins, sur une vingtaine de sections et en toutes saisons, en France et en Espagne. Et toujours, un projet futur de repartir vers Santiago!<br>J&rsquo;ai aussi eu l&rsquo;opportunit\u00e9 de <strong>travailler \u00e0 la Boutique du P\u00e8lerin<\/strong> de Saint Jean Pied de Port. Quelques belles ann\u00e9es d&rsquo;immersion dans le Chemin et au service des p\u00e8lerins&#8230; jusqu&rsquo;\u00e0 ce que la vie (et le C\u0153ur) ne l&rsquo;appellent ailleurs.<br>Plus r\u00e9cemment, je participe \u00e0 la <strong>communaut\u00e9 jacquaire locale<\/strong> et aux rencontres de l&rsquo;asso de ma r\u00e9gion. En projet \u00e9galement, du volontariat sur les Chemins&#8230; \u00e0 suivre!<br>Et bien s\u00fbr, ce site, <strong><em>Santiago in Love<\/em><\/strong>.<\/p>\n\n\n\n<div style=\"height:100px\" aria-hidden=\"true\" class=\"wp-block-spacer\"><\/div>\n\n\n\n<h2 class=\"has-text-align-center\">De Compostelle \u00e0 <em>Santiago in Love<\/em><\/h2>\n\n\n\n<p>Parcourir les Chemins m&rsquo;a fait d\u00e9couvrir\u00a0<strong>le monde de Compostelle<\/strong>, avec tout ce qui fait sa richesse et sa diversit\u00e9.<\/p>\n\n\n\n<div class=\"wp-block-group\"><div class=\"wp-block-group__inner-container\">\n<ul><li>Le <strong>voyage<\/strong>, de l&rsquo;\u00e9quipement aux h\u00e9bergements en passant par les sentiers;<\/li><li>La <strong>culture,<\/strong> de l&rsquo;Histoire aux Arts en passant par les Hommes;<\/li><li>La <strong>communaut\u00e9 jacquaire,<\/strong> des touristes aux p\u00e8lerins en passant par les professionnels du Chemin;<\/li><li>La <strong>spiritualit\u00e9<\/strong>, de la religion aux exp\u00e9riences \u00e9sot\u00e9riques en passant par la philosophie<\/li><\/ul>\n<\/div><\/div>\n\n\n\n<p class=\"has-text-align-left\">Tout cela et bien plus encore a \u00e9veill\u00e9 mon int\u00e9r\u00eat et ne cesse de me passionner depuis. L&rsquo;envie de partager mon enthousiasme n&rsquo;a pas tra\u00een\u00e9: en 2016, <strong><em>Santiago in Love<\/em> \u00e9tait n\u00e9!<\/strong><\/p>\n\n\n\n<div style=\"height:25px\" aria-hidden=\"true\" class=\"wp-block-spacer\"><\/div>\n\n\n\n<div class=\"wp-block-image\"><figure class=\"aligncenter size-full is-resized\"><img loading=\"lazy\" src=\"https:\/\/santiagoinlove.com\/fr\/wp-content\/uploads\/sites\/2\/2023\/08\/cropped-Featured-image.png\" alt=\"logo santiago in love\" class=\"wp-image-4231\" width=\"300\" height=\"300\" srcset=\"https:\/\/santiagoinlove.com\/fr\/wp-content\/uploads\/sites\/2\/2023\/08\/cropped-Featured-image.png 600w, https:\/\/santiagoinlove.com\/fr\/wp-content\/uploads\/sites\/2\/2023\/08\/cropped-Featured-image-300x300.png 300w, https:\/\/santiagoinlove.com\/fr\/wp-content\/uploads\/sites\/2\/2023\/08\/cropped-Featured-image-150x150.png 150w, https:\/\/santiagoinlove.com\/fr\/wp-content\/uploads\/sites\/2\/2023\/08\/cropped-Featured-image-120x120.png 120w\" sizes=\"(max-width: 300px) 100vw, 300px\" \/><figcaption><em>Santiago in Love! ~ (CC) BY-NC-SA<\/em><\/figcaption><\/figure><\/div>\n\n\n\n<div style=\"height:25px\" aria-hidden=\"true\" class=\"wp-block-spacer\"><\/div>\n\n\n\n<p><strong>Pourquoi le nom \u00ab\u00a0Santiago in Love\u00a0\u00bb?<\/strong><br><strong><em>Santiago<\/em><\/strong>, \u00e9videmment: le petit nom espagnol de Saint Jacques.<br><strong><em>In Love<\/em><\/strong>, de l&rsquo;anglais pour \u00ab\u00a0\u00eatre amoureux\u00a0\u00bb ou pour, si plus litt\u00e9ral, \u00ab\u00a0avec amour\u00a0\u00bb. Le site est les 2 \u00e0 la fois: l&rsquo;amour des Chemins et le Chemin d&rsquo;Amour (du C\u0153ur).<br>Autrement dit, un site pour tous les <strong>amoureux de Compostelle<\/strong> et pour ceux qui ressentent une <strong>reliance de C\u0153ur<\/strong> sur les Chemins<br>Enfin, c&rsquo;est un nom qui peut \u00eatre compris par tous, car le site existe aussi en anglais et s&rsquo;adresse aux p\u00e8lerins de toutes les langues!<\/p>\n\n\n\n<div style=\"height:25px\" aria-hidden=\"true\" class=\"wp-block-spacer\"><\/div>\n\n\n\n<p class=\"has-normal-font-size\">Concr\u00e8tement, <em>Santiago in Love<\/em> est un site 100% <strong>d\u00e9di\u00e9 \u00e0 Compostelle<\/strong>, tous simplement.<br>On y parle des Chemins et l&rsquo;univers jacquaire en long, en large et en travers!<br>Le site se donne pour mission principale d&rsquo;<strong>aider les p\u00e8lerins<\/strong> \u00e0 s&rsquo;informer, se pr\u00e9parer, bien partir et bien revenir.<\/p>\n\n\n\n<p>Dans un avenir proche, <em>Santiago in Love<\/em> s&rsquo;enrichira! Il donnera la <strong>parole aux p\u00e8lerins<\/strong>, qui pourront partager leur exp\u00e9rience sur le site. \u00c9galement, il se dotera d&rsquo;une <strong>petite boutique<\/strong> pour mieux servir les besoins concr\u00e8ts des p\u00e8lerins.<\/p>\n\n\n\n<div style=\"height:50px\" aria-hidden=\"true\" class=\"wp-block-spacer\"><\/div>\n\n\n\n<p class=\"has-text-align-center has-normal-font-size\"><strong>Alors, p\u00e8lerins d&rsquo;hier, d&rsquo;aujourd&rsquo;hui, de demain ou de jamais,<\/strong><br><strong>curieux de passage ou lecteurs assidu,<\/strong><br><strong>fan de Compostelle ou grands allergiques du Camino&#8230;<\/strong><\/p>\n\n\n\n<div class=\"wp-block-image is-style-rounded\"><figure class=\"aligncenter\"><img loading=\"lazy\" width=\"300\" height=\"112\" src=\"http:\/\/santiagoinlove.com\/fr\/wp-content\/uploads\/sites\/2\/2016\/03\/Fleche-jaune-1-300x112.jpg\" alt=\"Fl\u00e8che jaune camino\" class=\"wp-image-14\" srcset=\"https:\/\/santiagoinlove.com\/fr\/wp-content\/uploads\/sites\/2\/2016\/03\/Fleche-jaune-1-300x112.jpg 300w, https:\/\/santiagoinlove.com\/fr\/wp-content\/uploads\/sites\/2\/2016\/03\/Fleche-jaune-1-768x287.jpg 768w, https:\/\/santiagoinlove.com\/fr\/wp-content\/uploads\/sites\/2\/2016\/03\/Fleche-jaune-1-1024x383.jpg 1024w, https:\/\/santiagoinlove.com\/fr\/wp-content\/uploads\/sites\/2\/2016\/03\/Fleche-jaune-1-1200x449.jpg 1200w, https:\/\/santiagoinlove.com\/fr\/wp-content\/uploads\/sites\/2\/2016\/03\/Fleche-jaune-1.jpg 1283w\" sizes=\"(max-width: 300px) 100vw, 300px\" \/><\/figure><\/div>\n\n\n\n<p class=\"has-text-align-center has-normal-font-size\"><strong>Pr\u00eats \u00e0 p\u00e9r\u00e9griner un peu ensemble ?<\/strong><\/p>\n\n\n\n<div style=\"height:100px\" aria-hidden=\"true\" class=\"wp-block-spacer\"><\/div>\n","protected":false},"excerpt":{"rendered":"<p>Bonjour amis p\u00e8lerins! \ud83d\ude03 Je suis Marion, amoureuse de Saint Jacques et incorrigible p\u00e8lerine depuis que je suis tomb\u00e9e dans les Chemins il y a peu en 2010 (&#8230; d\u00e9j\u00e0?!) J&rsquo;ai cr\u00e9\u00e9 Santiago in Love en 2016, un site 100% d\u00e9di\u00e9 \u00e0 Compostelle et l&rsquo;Esprit du Chemin. Tout le monde, p\u00e8lerin ou non, y est &hellip;<\/p>\n<p class=\"read-more\"> <a class=\"\" href=\"https:\/\/santiagoinlove.com\/fr\/a-propos\/\"> <span class=\"screen-reader-text\">A propos<\/span> Lire la suite\u00a0\u00bb<\/a><\/p>\n","protected":false},"author":1,"featured_media":0,"parent":0,"menu_order":0,"comment_status":"closed","ping_status":"closed","template":"","meta":{"_mi_skip_tracking":false,"_monsterinsights_sitenote_active":false,"_monsterinsights_sitenote_note":"","_monsterinsights_sitenote_category":0},"yoast_head":"<!-- This site is optimized with the Yoast SEO plugin v18.3 - https:\/\/yoast.com\/wordpress\/plugins\/seo\/ -->\n<title>A propos - Santiago in Love<\/title>\n<meta name=\"description\" content=\"Derri\u00e8re Santiago in Love, de petites mains, un c\u0153ur \u00e0 la t\u00e2che et beaucoup l&#039;enthousiasme. En savoir plus \u00e0 propos de l&#039;auteur en quelques mots.\" \/>\n<meta name=\"robots\" content=\"index, follow, max-snippet:-1, max-image-preview:large, max-video-preview:-1\" \/>\n<link rel=\"canonical\" href=\"https:\/\/santiagoinlove.com\/fr\/a-propos\/\" \/>\n<meta property=\"og:locale\" content=\"fr_FR\" \/>\n<meta property=\"og:type\" content=\"article\" \/>\n<meta property=\"og:title\" content=\"A propos - Santiago in Love\" \/>\n<meta property=\"og:description\" content=\"Derri\u00e8re Santiago in Love, de petites mains, un c\u0153ur \u00e0 la t\u00e2che et beaucoup l&#039;enthousiasme. En savoir plus \u00e0 propos de l&#039;auteur en quelques mots.\" \/>\n<meta property=\"og:url\" content=\"https:\/\/santiagoinlove.com\/fr\/a-propos\/\" \/>\n<meta property=\"og:site_name\" content=\"Santiago in Love\" \/>\n<meta property=\"article:publisher\" content=\"https:\/\/www.facebook.com\/profile.php?id=100013299885604\" \/>\n<meta property=\"article:modified_time\" content=\"2024-06-05T09:30:26+00:00\" \/>\n<meta property=\"og:image\" content=\"https:\/\/santiagoinlove.com\/fr\/wp-content\/uploads\/sites\/2\/2020\/06\/Portrait-1.jpg\" \/>\n<meta name=\"twitter:card\" content=\"summary\" \/>\n<meta name=\"twitter:site\" content=\"@Santiago_InLove\" \/>\n<meta name=\"twitter:label1\" content=\"Dur\u00e9e de lecture estim\u00e9e\" \/>\n\t<meta name=\"twitter:data1\" content=\"6 minutes\" \/>\n<script type=\"application\/ld+json\" class=\"yoast-schema-graph\">{\"@context\":\"https:\/\/schema.org\",\"@graph\":[{\"@type\":\"WebSite\",\"@id\":\"https:\/\/santiagoinlove.com\/fr\/#website\",\"url\":\"https:\/\/santiagoinlove.com\/fr\/\",\"name\":\"Santiago in Love\",\"description\":\"100% Compostelle, le Chemin au Coeur\",\"potentialAction\":[{\"@type\":\"SearchAction\",\"target\":{\"@type\":\"EntryPoint\",\"urlTemplate\":\"https:\/\/santiagoinlove.com\/fr\/?s={search_term_string}\"},\"query-input\":\"required name=search_term_string\"}],\"inLanguage\":\"fr-FR\"},{\"@type\":\"ImageObject\",\"@id\":\"https:\/\/santiagoinlove.com\/fr\/a-propos\/#primaryimage\",\"inLanguage\":\"fr-FR\",\"url\":\"https:\/\/santiagoinlove.com\/fr\/wp-content\/uploads\/sites\/2\/2020\/06\/Portrait-1.jpg\",\"contentUrl\":\"https:\/\/santiagoinlove.com\/fr\/wp-content\/uploads\/sites\/2\/2020\/06\/Portrait-1.jpg\",\"width\":750,\"height\":563},{\"@type\":\"WebPage\",\"@id\":\"https:\/\/santiagoinlove.com\/fr\/a-propos\/#webpage\",\"url\":\"https:\/\/santiagoinlove.com\/fr\/a-propos\/\",\"name\":\"A propos - Santiago in Love\",\"isPartOf\":{\"@id\":\"https:\/\/santiagoinlove.com\/fr\/#website\"},\"primaryImageOfPage\":{\"@id\":\"https:\/\/santiagoinlove.com\/fr\/a-propos\/#primaryimage\"},\"datePublished\":\"2016-03-09T18:17:43+00:00\",\"dateModified\":\"2024-06-05T09:30:26+00:00\",\"description\":\"Derri\u00e8re Santiago in Love, de petites mains, un c\u0153ur \u00e0 la t\u00e2che et beaucoup l'enthousiasme. En savoir plus \u00e0 propos de l'auteur en quelques mots.\",\"breadcrumb\":{\"@id\":\"https:\/\/santiagoinlove.com\/fr\/a-propos\/#breadcrumb\"},\"inLanguage\":\"fr-FR\",\"potentialAction\":[{\"@type\":\"ReadAction\",\"target\":[\"https:\/\/santiagoinlove.com\/fr\/a-propos\/\"]}]},{\"@type\":\"BreadcrumbList\",\"@id\":\"https:\/\/santiagoinlove.com\/fr\/a-propos\/#breadcrumb\",\"itemListElement\":[{\"@type\":\"ListItem\",\"position\":1,\"name\":\"Accueil\",\"item\":\"https:\/\/santiagoinlove.com\/fr\/\"},{\"@type\":\"ListItem\",\"position\":2,\"name\":\"A propos\"}]}]}<\/script>\n<!-- \/ Yoast SEO plugin. -->","yoast_head_json":{"title":"A propos - Santiago in Love","description":"Derri\u00e8re Santiago in Love, de petites mains, un c\u0153ur \u00e0 la t\u00e2che et beaucoup l'enthousiasme. En savoir plus \u00e0 propos de l'auteur en quelques mots.","robots":{"index":"index","follow":"follow","max-snippet":"max-snippet:-1","max-image-preview":"max-image-preview:large","max-video-preview":"max-video-preview:-1"},"canonical":"https:\/\/santiagoinlove.com\/fr\/a-propos\/","og_locale":"fr_FR","og_type":"article","og_title":"A propos - Santiago in Love","og_description":"Derri\u00e8re Santiago in Love, de petites mains, un c\u0153ur \u00e0 la t\u00e2che et beaucoup l'enthousiasme. En savoir plus \u00e0 propos de l'auteur en quelques mots.","og_url":"https:\/\/santiagoinlove.com\/fr\/a-propos\/","og_site_name":"Santiago in Love","article_publisher":"https:\/\/www.facebook.com\/profile.php?id=100013299885604","article_modified_time":"2024-06-05T09:30:26+00:00","og_image":[{"url":"https:\/\/santiagoinlove.com\/fr\/wp-content\/uploads\/sites\/2\/2020\/06\/Portrait-1.jpg"}],"twitter_card":"summary","twitter_site":"@Santiago_InLove","twitter_misc":{"Dur\u00e9e de lecture estim\u00e9e":"6 minutes"},"schema":{"@context":"https:\/\/schema.org","@graph":[{"@type":"WebSite","@id":"https:\/\/santiagoinlove.com\/fr\/#website","url":"https:\/\/santiagoinlove.com\/fr\/","name":"Santiago in Love","description":"100% Compostelle, le Chemin au Coeur","potentialAction":[{"@type":"SearchAction","target":{"@type":"EntryPoint","urlTemplate":"https:\/\/santiagoinlove.com\/fr\/?s={search_term_string}"},"query-input":"required name=search_term_string"}],"inLanguage":"fr-FR"},{"@type":"ImageObject","@id":"https:\/\/santiagoinlove.com\/fr\/a-propos\/#primaryimage","inLanguage":"fr-FR","url":"https:\/\/santiagoinlove.com\/fr\/wp-content\/uploads\/sites\/2\/2020\/06\/Portrait-1.jpg","contentUrl":"https:\/\/santiagoinlove.com\/fr\/wp-content\/uploads\/sites\/2\/2020\/06\/Portrait-1.jpg","width":750,"height":563},{"@type":"WebPage","@id":"https:\/\/santiagoinlove.com\/fr\/a-propos\/#webpage","url":"https:\/\/santiagoinlove.com\/fr\/a-propos\/","name":"A propos - Santiago in Love","isPartOf":{"@id":"https:\/\/santiagoinlove.com\/fr\/#website"},"primaryImageOfPage":{"@id":"https:\/\/santiagoinlove.com\/fr\/a-propos\/#primaryimage"},"datePublished":"2016-03-09T18:17:43+00:00","dateModified":"2024-06-05T09:30:26+00:00","description":"Derri\u00e8re Santiago in Love, de petites mains, un c\u0153ur \u00e0 la t\u00e2che et beaucoup l'enthousiasme. En savoir plus \u00e0 propos de l'auteur en quelques mots.","breadcrumb":{"@id":"https:\/\/santiagoinlove.com\/fr\/a-propos\/#breadcrumb"},"inLanguage":"fr-FR","potentialAction":[{"@type":"ReadAction","target":["https:\/\/santiagoinlove.com\/fr\/a-propos\/"]}]},{"@type":"BreadcrumbList","@id":"https:\/\/santiagoinlove.com\/fr\/a-propos\/#breadcrumb","itemListElement":[{"@type":"ListItem","position":1,"name":"Accueil","item":"https:\/\/santiagoinlove.com\/fr\/"},{"@type":"ListItem","position":2,"name":"A propos"}]}]}},"_links":{"self":[{"href":"https:\/\/santiagoinlove.com\/fr\/wp-json\/wp\/v2\/pages\/5"}],"collection":[{"href":"https:\/\/santiagoinlove.com\/fr\/wp-json\/wp\/v2\/pages"}],"about":[{"href":"https:\/\/santiagoinlove.com\/fr\/wp-json\/wp\/v2\/types\/page"}],"author":[{"embeddable":true,"href":"https:\/\/santiagoinlove.com\/fr\/wp-json\/wp\/v2\/users\/1"}],"replies":[{"embeddable":true,"href":"https:\/\/santiagoinlove.com\/fr\/wp-json\/wp\/v2\/comments?post=5"}],"version-history":[{"count":20,"href":"https:\/\/santiagoinlove.com\/fr\/wp-json\/wp\/v2\/pages\/5\/revisions"}],"predecessor-version":[{"id":4528,"href":"https:\/\/santiagoinlove.com\/fr\/wp-json\/wp\/v2\/pages\/5\/revisions\/4528"}],"wp:attachment":[{"href":"https:\/\/santiagoinlove.com\/fr\/wp-json\/wp\/v2\/media?parent=5"}],"curies":[{"name":"wp","href":"https:\/\/api.w.org\/{rel}","templated":true}]}}