{"id":4368,"date":"2024-04-24T14:39:07","date_gmt":"2024-04-24T13:39:07","guid":{"rendered":"https:\/\/santiagoinlove.com\/fr\/?page_id=4368"},"modified":"2024-04-24T14:39:42","modified_gmt":"2024-04-24T13:39:42","slug":"boutique","status":"publish","type":"page","link":"https:\/\/santiagoinlove.com\/fr\/boutique\/","title":{"rendered":"Boutique"},"content":{"rendered":"\n<div style=\"height:50px\" aria-hidden=\"true\" class=\"wp-block-spacer\"><\/div>\n\n\n\n<h2 class=\"has-text-align-center\">Bient\u00f4t, bient\u00f4t&#8230; <br>Saint Jacques et moi, on y travaille!<\/h2>\n\n\n\n<div style=\"height:25px\" aria-hidden=\"true\" class=\"wp-block-spacer\"><\/div>\n\n\n\n<figure class=\"wp-block-image size-full\"><img loading=\"lazy\" width=\"1200\" height=\"800\" src=\"https:\/\/santiagoinlove.com\/fr\/wp-content\/uploads\/sites\/2\/2024\/04\/2014-Travaux-cathedrala-Contando-Estralas-CC-BY-SA-1200x800-1.jpg\" alt=\"\" class=\"wp-image-4369\" srcset=\"https:\/\/santiagoinlove.com\/fr\/wp-content\/uploads\/sites\/2\/2024\/04\/2014-Travaux-cathedrala-Contando-Estralas-CC-BY-SA-1200x800-1.jpg 1200w, https:\/\/santiagoinlove.com\/fr\/wp-content\/uploads\/sites\/2\/2024\/04\/2014-Travaux-cathedrala-Contando-Estralas-CC-BY-SA-1200x800-1-300x200.jpg 300w, https:\/\/santiagoinlove.com\/fr\/wp-content\/uploads\/sites\/2\/2024\/04\/2014-Travaux-cathedrala-Contando-Estralas-CC-BY-SA-1200x800-1-1024x683.jpg 1024w, https:\/\/santiagoinlove.com\/fr\/wp-content\/uploads\/sites\/2\/2024\/04\/2014-Travaux-cathedrala-Contando-Estralas-CC-BY-SA-1200x800-1-768x512.jpg 768w\" sizes=\"(max-width: 1200px) 100vw, 1200px\" \/><\/figure>\n\n\n\n<div style=\"height:100px\" aria-hidden=\"true\" class=\"wp-block-spacer\"><\/div>\n\n\n\n<div class=\"wp-block-image\"><figure class=\"aligncenter size-large is-resized\"><img loading=\"lazy\" src=\"https:\/\/santiagoinlove.com\/fr\/wp-content\/uploads\/sites\/2\/2022\/03\/SIL-logo-300.jpg\" alt=\"\" class=\"wp-image-2780\" width=\"150\" height=\"150\" srcset=\"https:\/\/santiagoinlove.com\/fr\/wp-content\/uploads\/sites\/2\/2022\/03\/SIL-logo-300.jpg 300w, https:\/\/santiagoinlove.com\/fr\/wp-content\/uploads\/sites\/2\/2022\/03\/SIL-logo-300-150x150.jpg 150w\" sizes=\"(max-width: 150px) 100vw, 150px\" \/><\/figure><\/div>\n","protected":false},"excerpt":{"rendered":"<p>Bient\u00f4t, bient\u00f4t&#8230; Saint Jacques et moi, on y travaille!<\/p>\n","protected":false},"author":1,"featured_media":4369,"parent":0,"menu_order":0,"comment_status":"closed","ping_status":"closed","template":"","meta":{"_mi_skip_tracking":false,"_monsterinsights_sitenote_active":false,"_monsterinsights_sitenote_note":"","_monsterinsights_sitenote_category":0},"yoast_head":"<!-- This site is optimized with the Yoast SEO plugin v18.3 - https:\/\/yoast.com\/wordpress\/plugins\/seo\/ -->\n<title>Boutique - Santiago in Love<\/title>\n<meta name=\"description\" content=\"La boutique de Santiago in Love... \u00e0 venir tr\u00e8s bient\u00f4t! :)\" \/>\n<meta name=\"robots\" content=\"index, follow, max-snippet:-1, max-image-preview:large, max-video-preview:-1\" \/>\n<link rel=\"canonical\" href=\"https:\/\/santiagoinlove.com\/fr\/boutique\/\" \/>\n<meta property=\"og:locale\" content=\"fr_FR\" \/>\n<meta property=\"og:type\" content=\"article\" \/>\n<meta property=\"og:title\" content=\"Boutique - Santiago in Love\" \/>\n<meta property=\"og:description\" content=\"La boutique de Santiago in Love... \u00e0 venir tr\u00e8s bient\u00f4t! :)\" \/>\n<meta property=\"og:url\" content=\"https:\/\/santiagoinlove.com\/fr\/boutique\/\" \/>\n<meta property=\"og:site_name\" content=\"Santiago in Love\" \/>\n<meta property=\"article:publisher\" content=\"https:\/\/www.facebook.com\/profile.php?id=100013299885604\" \/>\n<meta property=\"article:modified_time\" content=\"2024-04-24T13:39:42+00:00\" \/>\n<meta property=\"og:image\" content=\"https:\/\/santiagoinlove.com\/fr\/wp-content\/uploads\/sites\/2\/2024\/04\/2014-Travaux-cathedrala-Contando-Estralas-CC-BY-SA-1200x800-1.jpg\" \/>\n\t<meta property=\"og:image:width\" content=\"1200\" \/>\n\t<meta property=\"og:image:height\" content=\"800\" \/>\n\t<meta property=\"og:image:type\" content=\"image\/jpeg\" \/>\n<meta name=\"twitter:card\" content=\"summary\" \/>\n<meta name=\"twitter:site\" content=\"@Santiago_InLove\" \/>\n<meta name=\"twitter:label1\" content=\"Dur\u00e9e de lecture estim\u00e9e\" \/>\n\t<meta name=\"twitter:data1\" content=\"1 minute\" \/>\n<script type=\"application\/ld+json\" class=\"yoast-schema-graph\">{\"@context\":\"https:\/\/schema.org\",\"@graph\":[{\"@type\":\"WebSite\",\"@id\":\"https:\/\/santiagoinlove.com\/fr\/#website\",\"url\":\"https:\/\/santiagoinlove.com\/fr\/\",\"name\":\"Santiago in Love\",\"description\":\"100% Compostelle, le Chemin au Coeur\",\"potentialAction\":[{\"@type\":\"SearchAction\",\"target\":{\"@type\":\"EntryPoint\",\"urlTemplate\":\"https:\/\/santiagoinlove.com\/fr\/?s={search_term_string}\"},\"query-input\":\"required name=search_term_string\"}],\"inLanguage\":\"fr-FR\"},{\"@type\":\"ImageObject\",\"@id\":\"https:\/\/santiagoinlove.com\/fr\/boutique\/#primaryimage\",\"inLanguage\":\"fr-FR\",\"url\":\"https:\/\/santiagoinlove.com\/fr\/wp-content\/uploads\/sites\/2\/2024\/04\/2014-Travaux-cathedrala-Contando-Estralas-CC-BY-SA-1200x800-1.jpg\",\"contentUrl\":\"https:\/\/santiagoinlove.com\/fr\/wp-content\/uploads\/sites\/2\/2024\/04\/2014-Travaux-cathedrala-Contando-Estralas-CC-BY-SA-1200x800-1.jpg\",\"width\":1200,\"height\":800,\"caption\":\"parole aux p\u00e8lerins - santiago in love - \u00e0 venir bient\u00f4t\"},{\"@type\":\"WebPage\",\"@id\":\"https:\/\/santiagoinlove.com\/fr\/boutique\/#webpage\",\"url\":\"https:\/\/santiagoinlove.com\/fr\/boutique\/\",\"name\":\"Boutique - Santiago in Love\",\"isPartOf\":{\"@id\":\"https:\/\/santiagoinlove.com\/fr\/#website\"},\"primaryImageOfPage\":{\"@id\":\"https:\/\/santiagoinlove.com\/fr\/boutique\/#primaryimage\"},\"datePublished\":\"2024-04-24T13:39:07+00:00\",\"dateModified\":\"2024-04-24T13:39:42+00:00\",\"description\":\"La boutique de Santiago in Love... \u00e0 venir tr\u00e8s bient\u00f4t! :)\",\"breadcrumb\":{\"@id\":\"https:\/\/santiagoinlove.com\/fr\/boutique\/#breadcrumb\"},\"inLanguage\":\"fr-FR\",\"potentialAction\":[{\"@type\":\"ReadAction\",\"target\":[\"https:\/\/santiagoinlove.com\/fr\/boutique\/\"]}]},{\"@type\":\"BreadcrumbList\",\"@id\":\"https:\/\/santiagoinlove.com\/fr\/boutique\/#breadcrumb\",\"itemListElement\":[{\"@type\":\"ListItem\",\"position\":1,\"name\":\"Accueil\",\"item\":\"https:\/\/santiagoinlove.com\/fr\/\"},{\"@type\":\"ListItem\",\"position\":2,\"name\":\"Boutique\"}]}]}<\/script>\n<!-- \/ Yoast SEO plugin. -->","yoast_head_json":{"title":"Boutique - Santiago in Love","description":"La boutique de Santiago in Love... \u00e0 venir tr\u00e8s bient\u00f4t! :)","robots":{"index":"index","follow":"follow","max-snippet":"max-snippet:-1","max-image-preview":"max-image-preview:large","max-video-preview":"max-video-preview:-1"},"canonical":"https:\/\/santiagoinlove.com\/fr\/boutique\/","og_locale":"fr_FR","og_type":"article","og_title":"Boutique - Santiago in Love","og_description":"La boutique de Santiago in Love... \u00e0 venir tr\u00e8s bient\u00f4t! :)","og_url":"https:\/\/santiagoinlove.com\/fr\/boutique\/","og_site_name":"Santiago in Love","article_publisher":"https:\/\/www.facebook.com\/profile.php?id=100013299885604","article_modified_time":"2024-04-24T13:39:42+00:00","og_image":[{"width":1200,"height":800,"url":"https:\/\/santiagoinlove.com\/fr\/wp-content\/uploads\/sites\/2\/2024\/04\/2014-Travaux-cathedrala-Contando-Estralas-CC-BY-SA-1200x800-1.jpg","type":"image\/jpeg"}],"twitter_card":"summary","twitter_site":"@Santiago_InLove","twitter_misc":{"Dur\u00e9e de lecture estim\u00e9e":"1 minute"},"schema":{"@context":"https:\/\/schema.org","@graph":[{"@type":"WebSite","@id":"https:\/\/santiagoinlove.com\/fr\/#website","url":"https:\/\/santiagoinlove.com\/fr\/","name":"Santiago in Love","description":"100% Compostelle, le Chemin au Coeur","potentialAction":[{"@type":"SearchAction","target":{"@type":"EntryPoint","urlTemplate":"https:\/\/santiagoinlove.com\/fr\/?s={search_term_string}"},"query-input":"required name=search_term_string"}],"inLanguage":"fr-FR"},{"@type":"ImageObject","@id":"https:\/\/santiagoinlove.com\/fr\/boutique\/#primaryimage","inLanguage":"fr-FR","url":"https:\/\/santiagoinlove.com\/fr\/wp-content\/uploads\/sites\/2\/2024\/04\/2014-Travaux-cathedrala-Contando-Estralas-CC-BY-SA-1200x800-1.jpg","contentUrl":"https:\/\/santiagoinlove.com\/fr\/wp-content\/uploads\/sites\/2\/2024\/04\/2014-Travaux-cathedrala-Contando-Estralas-CC-BY-SA-1200x800-1.jpg","width":1200,"height":800,"caption":"parole aux p\u00e8lerins - santiago in love - \u00e0 venir bient\u00f4t"},{"@type":"WebPage","@id":"https:\/\/santiagoinlove.com\/fr\/boutique\/#webpage","url":"https:\/\/santiagoinlove.com\/fr\/boutique\/","name":"Boutique - Santiago in Love","isPartOf":{"@id":"https:\/\/santiagoinlove.com\/fr\/#website"},"primaryImageOfPage":{"@id":"https:\/\/santiagoinlove.com\/fr\/boutique\/#primaryimage"},"datePublished":"2024-04-24T13:39:07+00:00","dateModified":"2024-04-24T13:39:42+00:00","description":"La boutique de Santiago in Love... \u00e0 venir tr\u00e8s bient\u00f4t! :)","breadcrumb":{"@id":"https:\/\/santiagoinlove.com\/fr\/boutique\/#breadcrumb"},"inLanguage":"fr-FR","potentialAction":[{"@type":"ReadAction","target":["https:\/\/santiagoinlove.com\/fr\/boutique\/"]}]},{"@type":"BreadcrumbList","@id":"https:\/\/santiagoinlove.com\/fr\/boutique\/#breadcrumb","itemListElement":[{"@type":"ListItem","position":1,"name":"Accueil","item":"https:\/\/santiagoinlove.com\/fr\/"},{"@type":"ListItem","position":2,"name":"Boutique"}]}]}},"_links":{"self":[{"href":"https:\/\/santiagoinlove.com\/fr\/wp-json\/wp\/v2\/pages\/4368"}],"collection":[{"href":"https:\/\/santiagoinlove.com\/fr\/wp-json\/wp\/v2\/pages"}],"about":[{"href":"https:\/\/santiagoinlove.com\/fr\/wp-json\/wp\/v2\/types\/page"}],"author":[{"embeddable":true,"href":"https:\/\/santiagoinlove.com\/fr\/wp-json\/wp\/v2\/users\/1"}],"replies":[{"embeddable":true,"href":"https:\/\/santiagoinlove.com\/fr\/wp-json\/wp\/v2\/comments?post=4368"}],"version-history":[{"count":2,"href":"https:\/\/santiagoinlove.com\/fr\/wp-json\/wp\/v2\/pages\/4368\/revisions"}],"predecessor-version":[{"id":4371,"href":"https:\/\/santiagoinlove.com\/fr\/wp-json\/wp\/v2\/pages\/4368\/revisions\/4371"}],"wp:featuredmedia":[{"embeddable":true,"href":"https:\/\/santiagoinlove.com\/fr\/wp-json\/wp\/v2\/media\/4369"}],"wp:attachment":[{"href":"https:\/\/santiagoinlove.com\/fr\/wp-json\/wp\/v2\/media?parent=4368"}],"curies":[{"name":"wp","href":"https:\/\/api.w.org\/{rel}","templated":true}]}}