{"id":3594,"date":"2022-08-04T14:20:55","date_gmt":"2022-08-04T13:20:55","guid":{"rendered":"https:\/\/santiagoinlove.com\/fr\/?page_id=3594"},"modified":"2023-05-09T12:32:23","modified_gmt":"2023-05-09T11:32:23","slug":"voie-du-puy-gr65-via-podiensis","status":"publish","type":"page","link":"https:\/\/santiagoinlove.com\/fr\/chemins-de-saint-jacques-de-compostelle-itineraires\/voie-du-puy-gr65-via-podiensis\/","title":{"rendered":"Voie du Puy, GR65, Via Podiensis"},"content":{"rendered":"\n<p class=\"has-text-align-center has-medium-font-size\"><strong>Tous les articles de <em>Santiago in Love<\/em> li\u00e9s \u00e0 la voie du Puy<\/strong><\/p>\n\n\n\n<div class=\"wp-block-image\"><figure class=\"aligncenter size-large\"><img loading=\"lazy\" width=\"854\" height=\"640\" src=\"https:\/\/santiagoinlove.com\/fr\/wp-content\/uploads\/sites\/2\/2022\/08\/Itineraires-Voie-du-Puy.png\" alt=\"\" class=\"wp-image-3597\" srcset=\"https:\/\/santiagoinlove.com\/fr\/wp-content\/uploads\/sites\/2\/2022\/08\/Itineraires-Voie-du-Puy.png 854w, https:\/\/santiagoinlove.com\/fr\/wp-content\/uploads\/sites\/2\/2022\/08\/Itineraires-Voie-du-Puy-300x225.png 300w, https:\/\/santiagoinlove.com\/fr\/wp-content\/uploads\/sites\/2\/2022\/08\/Itineraires-Voie-du-Puy-768x576.png 768w\" sizes=\"(max-width: 854px) 100vw, 854px\" \/><\/figure><\/div>\n\n\n\n<div style=\"height:100px\" aria-hidden=\"true\" class=\"wp-block-spacer\"><\/div>\n\n\n\n<p class=\"has-text-align-center has-normal-font-size\"><strong><a href=\"#itineraire-camino-frances-preparation\">Pr\u00e9paration<\/a><\/strong><br><strong><a href=\"#itineraire-camino-frances-transports\">Transports<\/a><\/strong><br><strong><a href=\"#itineraire-camino-frances-saint-jean-pied-de-port-roncevaux\">Saint Jean Pied de Port &#8211; Roncevaux<\/a><\/strong><br><strong><a href=\"#itineraire-camino-frances-bivouac\">Bivouac<\/a><\/strong><br><\/p>\n\n\n\n<div style=\"height:100px\" aria-hidden=\"true\" class=\"wp-block-spacer\"><\/div>\n\n\n\n<hr class=\"wp-block-separator has-text-color has-background has-black-background-color has-black-color is-style-wide\"\/>\n\n\n\n<h2 class=\"has-text-align-center\" id=\"itineraire-camino-frances-preparation\">Pr\u00e9paration<\/h2>\n\n\n\n<div class=\"wp-block-image\"><figure class=\"aligncenter size-large\"><a href=\"https:\/\/santiagoinlove.com\/fr\/chemin-voie-du-puy-gr65-guide-complet-de-preparation\/\" target=\"_blank\" rel=\"noopener\"><img loading=\"lazy\" width=\"853\" height=\"640\" src=\"https:\/\/santiagoinlove.com\/fr\/wp-content\/uploads\/sites\/2\/2022\/05\/Voie-Puy-guide.png\" alt=\"Voie du Puy - guide de pr\u00e9paration - Marion - Snatiago in Love - CC BY NC SA\" class=\"wp-image-3289\" srcset=\"https:\/\/santiagoinlove.com\/fr\/wp-content\/uploads\/sites\/2\/2022\/05\/Voie-Puy-guide.png 853w, https:\/\/santiagoinlove.com\/fr\/wp-content\/uploads\/sites\/2\/2022\/05\/Voie-Puy-guide-300x225.png 300w, https:\/\/santiagoinlove.com\/fr\/wp-content\/uploads\/sites\/2\/2022\/05\/Voie-Puy-guide-768x576.png 768w\" sizes=\"(max-width: 853px) 100vw, 853px\" \/><\/a><\/figure><\/div>\n\n\n\n<div style=\"height:100px\" aria-hidden=\"true\" class=\"wp-block-spacer\"><\/div>\n\n\n\n<hr class=\"wp-block-separator has-text-color has-background has-black-background-color has-black-color is-style-wide\"\/>\n\n\n\n<h2 class=\"has-text-align-center\" id=\"itineraire-camino-frances-transports\">Transports<\/h2>\n\n\n<div class=\"vlp-link-container vlp-layout-basic wp-block-visual-link-preview-link\"><a href=\"https:\/\/santiagoinlove.com\/fr\/transport-acces-deplacements-voie-du-puy\/\" class=\"vlp-link\" title=\"Transport: acc\u00e8s et d\u00e9placements sur la voie du Puy\" target=\"_blank\"><\/a><div class=\"vlp-layout-zone-side\"><div class=\"vlp-block-2 vlp-link-image\"><img style=\"max-width: 150px;\" width=\"150\" height=\"112\" src=\"https:\/\/santiagoinlove.com\/fr\/wp-content\/uploads\/sites\/2\/2022\/05\/Le-Puy-Transport-1.jpg\" class=\"attachment-150x999 size-150x999\" alt=\"Le Puy transport\" loading=\"lazy\" srcset=\"https:\/\/santiagoinlove.com\/fr\/wp-content\/uploads\/sites\/2\/2022\/05\/Le-Puy-Transport-1.jpg 855w, https:\/\/santiagoinlove.com\/fr\/wp-content\/uploads\/sites\/2\/2022\/05\/Le-Puy-Transport-1-300x225.jpg 300w, https:\/\/santiagoinlove.com\/fr\/wp-content\/uploads\/sites\/2\/2022\/05\/Le-Puy-Transport-1-768x575.jpg 768w\" sizes=\"(max-width: 150px) 100vw, 150px\" \/><\/div><\/div><div class=\"vlp-layout-zone-main\"><div class=\"vlp-block-0 vlp-link-title\">Transport: acc\u00e8s et d\u00e9placements sur la voie du Puy<\/div><div class=\"vlp-block-1 vlp-link-summary\">Toutes les options possibles d\u00e9taill\u00e9es: services p\u00e8lerins, transports publiques (avion, train, bus) et parkings<\/div><\/div><\/div>\n\n<div class=\"vlp-link-container vlp-layout-basic wp-block-visual-link-preview-link\"><a href=\"https:\/\/santiagoinlove.com\/fr\/transport-comment-arriver-saint-jean-pied-de-port-guide-complet\/\" class=\"vlp-link\" title=\"Transport : arriver \u00e0 \/repartir de Saint Jean Pied de Port\" target=\"_blank\"><\/a><div class=\"vlp-layout-zone-side\"><div class=\"vlp-block-2 vlp-link-image\"><img style=\"max-width: 150px;\" width=\"150\" height=\"113\" src=\"https:\/\/santiagoinlove.com\/fr\/wp-content\/uploads\/sites\/2\/2021\/07\/Transport-SJPP.jpg\" class=\"attachment-150x999 size-150x999\" alt=\"Transport arriver \u00e0 Saint Jean Pied de Port guide, Santiago in Love\" loading=\"lazy\" srcset=\"https:\/\/santiagoinlove.com\/fr\/wp-content\/uploads\/sites\/2\/2021\/07\/Transport-SJPP.jpg 680w, https:\/\/santiagoinlove.com\/fr\/wp-content\/uploads\/sites\/2\/2021\/07\/Transport-SJPP-300x225.jpg 300w\" sizes=\"(max-width: 150px) 100vw, 150px\" \/><\/div><\/div><div class=\"vlp-layout-zone-main\"><div class=\"vlp-block-0 vlp-link-title\">Transport : arriver \u00e0 \/repartir de Saint Jean Pied de Port<\/div><div class=\"vlp-block-1 vlp-link-summary\">Toutes les options possibles d\u00e9taill\u00e9es: avion, train, bus, taxi, navettes p\u00e8lerin, covoiturage<\/div><\/div><\/div>\n\n\n<div style=\"height:100px\" aria-hidden=\"true\" class=\"wp-block-spacer\"><\/div>\n\n\n\n<hr class=\"wp-block-separator has-text-color has-background has-black-background-color has-black-color is-style-wide\"\/>\n\n\n\n<h2 class=\"has-text-align-center\" id=\"itineraire-camino-frances-saint-jean-pied-de-port-roncevaux\">St Jean Pied de Port &#8211; Roncevaux<\/h2>\n\n\n<div class=\"vlp-link-container vlp-layout-basic wp-block-visual-link-preview-link\"><a href=\"https:\/\/santiagoinlove.com\/fr\/couper-en-deux-saint-jean-pied-de-port-roncevaux\/\" class=\"vlp-link\" title=\"Comment couper en deux l&#039;\u00e9tape de Saint Jean Pied de Port \u00e0 Roncevaux\" target=\"_blank\"><\/a><div class=\"vlp-layout-zone-side\"><div class=\"vlp-block-2 vlp-link-image\"><img style=\"max-width: 150px;\" width=\"150\" height=\"113\" src=\"https:\/\/santiagoinlove.com\/fr\/wp-content\/uploads\/sites\/2\/2018\/06\/Couper-en-deux.jpg\" class=\"attachment-150x999 size-150x999\" alt=\"couper en deux\" loading=\"lazy\" srcset=\"https:\/\/santiagoinlove.com\/fr\/wp-content\/uploads\/sites\/2\/2018\/06\/Couper-en-deux.jpg 480w, https:\/\/santiagoinlove.com\/fr\/wp-content\/uploads\/sites\/2\/2018\/06\/Couper-en-deux-300x225.jpg 300w\" sizes=\"(max-width: 150px) 100vw, 150px\" \/><\/div><\/div><div class=\"vlp-layout-zone-main\"><div class=\"vlp-block-0 vlp-link-title\">Comment couper en deux l&rsquo;\u00e9tape de Saint Jean Pied de Port \u00e0 Roncevaux<\/div><div class=\"vlp-block-1 vlp-link-summary\">Vos options d\u00e9taill\u00e9es: h\u00e9bergements, navettes et taxis, bivouac<\/div><\/div><\/div>\n\n<div class=\"vlp-link-container vlp-layout-basic wp-block-visual-link-preview-link\"><a href=\"https:\/\/santiagoinlove.com\/fr\/ouverture-etape-saint-jean-pied-de-port-roncevaux-route-napoleon-montagne\/\" class=\"vlp-link\" title=\"Ouverture du Chemin entre Saint Jean Pied de Port et Roncevaux\" target=\"_blank\"><\/a><div class=\"vlp-layout-zone-side\"><div class=\"vlp-block-2 vlp-link-image\"><img style=\"max-width: 150px;\" width=\"150\" height=\"113\" src=\"https:\/\/santiagoinlove.com\/fr\/wp-content\/uploads\/sites\/2\/2022\/03\/Ouverture-etape-SJPP-Roncevaux.jpg\" class=\"attachment-150x999 size-150x999\" alt=\"Etape SJPP-Roncevaux - Marion Santiago in Love\" loading=\"lazy\" srcset=\"https:\/\/santiagoinlove.com\/fr\/wp-content\/uploads\/sites\/2\/2022\/03\/Ouverture-etape-SJPP-Roncevaux.jpg 640w, https:\/\/santiagoinlove.com\/fr\/wp-content\/uploads\/sites\/2\/2022\/03\/Ouverture-etape-SJPP-Roncevaux-300x225.jpg 300w\" sizes=\"(max-width: 150px) 100vw, 150px\" \/><\/div><\/div><div class=\"vlp-layout-zone-main\"><div class=\"vlp-block-0 vlp-link-title\">Ouverture du Chemin entre Saint Jean Pied de Port et Roncevaux<\/div><div class=\"vlp-block-1 vlp-link-summary\">Du 1er avril au 31 octobre, le Chemin est OUVERT: explications<\/div><\/div><\/div>\n\n<div class=\"vlp-link-container vlp-layout-basic wp-block-visual-link-preview-link\"><a href=\"https:\/\/santiagoinlove.com\/fr\/fermeture-hivernale-saint-jean-pied-de-port-roncevaux\/\" class=\"vlp-link\" title=\"Fermeture hivernale du Chemin entre Saint Jean Pied de Port et Roncevaux\" target=\"_blank\"><\/a><div class=\"vlp-layout-zone-side\"><div class=\"vlp-block-2 vlp-link-image\"><img style=\"max-width: 150px;\" width=\"150\" height=\"113\" src=\"https:\/\/santiagoinlove.com\/fr\/wp-content\/uploads\/sites\/2\/2021\/11\/Fermeture-SJPP-R-hiver.jpg\" class=\"attachment-150x999 size-150x999\" alt=\"\" loading=\"lazy\" srcset=\"https:\/\/santiagoinlove.com\/fr\/wp-content\/uploads\/sites\/2\/2021\/11\/Fermeture-SJPP-R-hiver.jpg 640w, https:\/\/santiagoinlove.com\/fr\/wp-content\/uploads\/sites\/2\/2021\/11\/Fermeture-SJPP-R-hiver-300x225.jpg 300w\" sizes=\"(max-width: 150px) 100vw, 150px\" \/><\/div><\/div><div class=\"vlp-layout-zone-main\"><div class=\"vlp-block-0 vlp-link-title\">Fermeture hivernale du Chemin entre Saint Jean Pied de Port et Roncevaux<\/div><div class=\"vlp-block-1 vlp-link-summary\">Du 1er novembre au 31 mars, le Chemin est FERME: explications<\/div><\/div><\/div>\n\n\n<div style=\"height:100px\" aria-hidden=\"true\" class=\"wp-block-spacer\"><\/div>\n\n\n\n<hr class=\"wp-block-separator has-text-color has-background has-black-background-color has-black-color is-style-wide\"\/>\n\n\n\n<h2 class=\"has-text-align-center\" id=\"itineraire-camino-frances-bivouac\">Bivouac<\/h2>\n\n\n<div class=\"vlp-link-container vlp-layout-basic wp-block-visual-link-preview-link\"><a href=\"https:\/\/santiagoinlove.com\/fr\/bivouac-france-regles-legislation-loi-legal-illegal\/\" class=\"vlp-link\" title=\"Bivouac en France: r\u00e8gles et l\u00e9gislation\" rel=\"nofollow\" target=\"_blank\"><\/a><div class=\"vlp-layout-zone-side\"><div class=\"vlp-block-2 vlp-link-image\"><img src=\"https:\/\/santiagoinlove.com\/fr\/wp-content\/uploads\/sites\/2\/2023\/03\/Bivouac-France-regles.png\" style=\"max-width: 150px; max-height: 150px\" \/><\/div><\/div><div class=\"vlp-layout-zone-main\"><div class=\"vlp-block-0 vlp-link-title\">Bivouac en France: r\u00e8gles et l\u00e9gislation<\/div><div class=\"vlp-block-1 vlp-link-summary\">Le bivouac est autoris\u00e9 en France&#8230; l\u00e0 o\u00f9 il n&rsquo;est pas interdit! Explications.<\/div><\/div><\/div>\n\n<div class=\"vlp-link-container vlp-layout-basic wp-block-visual-link-preview-link\"><a href=\"https:\/\/santiagoinlove.com\/fr\/bivouac-en-france-lieux-reglementes-compostelle\/\" class=\"vlp-link\" title=\"Bivouac en France: lieux r\u00e8glement\u00e9s sur Compostelle\" target=\"_blank\"><\/a><div class=\"vlp-layout-zone-side\"><div class=\"vlp-block-2 vlp-link-image\"><img style=\"max-width: 150px;\" width=\"150\" height=\"113\" src=\"https:\/\/santiagoinlove.com\/fr\/wp-content\/uploads\/sites\/2\/2023\/03\/Bivouac-France-regles-Chemins-2.png\" class=\"attachment-150x999 size-150x999\" alt=\"\" loading=\"lazy\" srcset=\"https:\/\/santiagoinlove.com\/fr\/wp-content\/uploads\/sites\/2\/2023\/03\/Bivouac-France-regles-Chemins-2.png 853w, https:\/\/santiagoinlove.com\/fr\/wp-content\/uploads\/sites\/2\/2023\/03\/Bivouac-France-regles-Chemins-2-300x225.png 300w, https:\/\/santiagoinlove.com\/fr\/wp-content\/uploads\/sites\/2\/2023\/03\/Bivouac-France-regles-Chemins-2-768x576.png 768w\" sizes=\"(max-width: 150px) 100vw, 150px\" \/><\/div><\/div><div class=\"vlp-layout-zone-main\"><div class=\"vlp-block-0 vlp-link-title\">Bivouac en France: lieux r\u00e8glement\u00e9s sur Compostelle<\/div><div class=\"vlp-block-1 vlp-link-summary\">Le bivouac en France est autoris\u00e9 tant qu&rsquo;il n&rsquo;est pas interdit. <br \/>\nCet article vous liste les lieux r\u00e8glement\u00e9s sur les principaux itin\u00e9raires fran\u00e7ais:<br \/>\nd\u00e9couvrez les r\u00e8gles en vigueur et dormez sur vos deux oreilles sur le Chemin des \u00c9toiles!<\/div><\/div><\/div>\n\n<div class=\"vlp-link-container vlp-layout-basic wp-block-visual-link-preview-link\"><a href=\"https:\/\/santiagoinlove.com\/fr\/bivouac-espagne-regles-legislation-loi-legal\/\" class=\"vlp-link\" title=\"Bivouac en Espagne: r\u00e8gles et l\u00e9gislation\"><\/a><div class=\"vlp-layout-zone-side\"><div class=\"vlp-block-2 vlp-link-image\"><img style=\"max-width: 150px;\" width=\"150\" height=\"121\" src=\"https:\/\/santiagoinlove.com\/fr\/wp-content\/uploads\/sites\/2\/2021\/08\/Espagne-legislation-camping.jpg\" class=\"attachment-150x999 size-150x999\" alt=\"Bivouac en Espagne, l\u00e9gal ou pas?\" loading=\"lazy\" srcset=\"https:\/\/santiagoinlove.com\/fr\/wp-content\/uploads\/sites\/2\/2021\/08\/Espagne-legislation-camping.jpg 1280w, https:\/\/santiagoinlove.com\/fr\/wp-content\/uploads\/sites\/2\/2021\/08\/Espagne-legislation-camping-300x241.jpg 300w, https:\/\/santiagoinlove.com\/fr\/wp-content\/uploads\/sites\/2\/2021\/08\/Espagne-legislation-camping-1024x823.jpg 1024w, https:\/\/santiagoinlove.com\/fr\/wp-content\/uploads\/sites\/2\/2021\/08\/Espagne-legislation-camping-768x617.jpg 768w\" sizes=\"(max-width: 150px) 100vw, 150px\" \/><\/div><\/div><div class=\"vlp-layout-zone-main\"><div class=\"vlp-block-0 vlp-link-title\">Bivouac en Espagne: r\u00e8gles et l\u00e9gislation<\/div><div class=\"vlp-block-1 vlp-link-summary\">OUI! Le bivouac est possible en Espagne, sous conditions. Explications!<\/div><\/div><\/div>\n\n\n<div style=\"height:100px\" aria-hidden=\"true\" class=\"wp-block-spacer\"><\/div>\n\n\n\n<hr class=\"wp-block-separator has-text-color has-background has-black-background-color has-black-color is-style-wide\"\/>\n\n\n\n<p class=\"has-text-align-center has-medium-font-size\"><strong>Buen Camino sur la voie du Puy<\/strong><br><strong>Ultre\u00efa!<\/strong><\/p>\n\n\n\n<div class=\"wp-block-image\"><figure class=\"aligncenter size-large is-resized\"><img loading=\"lazy\" src=\"https:\/\/santiagoinlove.com\/fr\/wp-content\/uploads\/sites\/2\/2022\/04\/Featured-image.png\" alt=\"Santiago in Love - 100% Compostelle, le Chemin au Coeur - Marion Santiago\" class=\"wp-image-2891\" width=\"150\" height=\"150\" srcset=\"https:\/\/santiagoinlove.com\/fr\/wp-content\/uploads\/sites\/2\/2022\/04\/Featured-image.png 600w, https:\/\/santiagoinlove.com\/fr\/wp-content\/uploads\/sites\/2\/2022\/04\/Featured-image-300x300.png 300w, https:\/\/santiagoinlove.com\/fr\/wp-content\/uploads\/sites\/2\/2022\/04\/Featured-image-150x150.png 150w\" sizes=\"(max-width: 150px) 100vw, 150px\" \/><\/figure><\/div>\n\n\n\n<div style=\"height:100px\" aria-hidden=\"true\" class=\"wp-block-spacer\"><\/div>\n","protected":false},"excerpt":{"rendered":"<p>Tous les articles de Santiago in Love li\u00e9s \u00e0 la voie du Puy Pr\u00e9parationTransportsSaint Jean Pied de Port &#8211; RoncevauxBivouac Pr\u00e9paration Transports St Jean Pied de Port &#8211; Roncevaux Bivouac Buen Camino sur la voie du PuyUltre\u00efa!<\/p>\n","protected":false},"author":1,"featured_media":3597,"parent":3446,"menu_order":0,"comment_status":"open","ping_status":"closed","template":"","meta":{"_mi_skip_tracking":false,"_monsterinsights_sitenote_active":false,"_monsterinsights_sitenote_note":"","_monsterinsights_sitenote_category":0},"yoast_head":"<!-- This site is optimized with the Yoast SEO plugin v18.3 - https:\/\/yoast.com\/wordpress\/plugins\/seo\/ -->\n<title>Voie du Puy, GR65, Via Podiensis - Santiago in Love<\/title>\n<meta name=\"description\" content=\"Tous les articles de Santiago in Love li\u00e9s \u00e0 la voie du Puy\" \/>\n<meta name=\"robots\" content=\"index, follow, max-snippet:-1, max-image-preview:large, max-video-preview:-1\" \/>\n<link rel=\"canonical\" href=\"https:\/\/santiagoinlove.com\/fr\/chemins-de-saint-jacques-de-compostelle-itineraires\/voie-du-puy-gr65-via-podiensis\/\" \/>\n<meta property=\"og:locale\" content=\"fr_FR\" \/>\n<meta property=\"og:type\" content=\"article\" \/>\n<meta property=\"og:title\" content=\"Voie du Puy, GR65, Via Podiensis - Santiago in Love\" \/>\n<meta property=\"og:description\" content=\"Tous les articles de Santiago in Love li\u00e9s \u00e0 la voie du Puy\" \/>\n<meta property=\"og:url\" content=\"https:\/\/santiagoinlove.com\/fr\/chemins-de-saint-jacques-de-compostelle-itineraires\/voie-du-puy-gr65-via-podiensis\/\" \/>\n<meta property=\"og:site_name\" content=\"Santiago in Love\" \/>\n<meta property=\"article:publisher\" content=\"https:\/\/www.facebook.com\/profile.php?id=100013299885604\" \/>\n<meta property=\"article:modified_time\" content=\"2023-05-09T11:32:23+00:00\" \/>\n<meta property=\"og:image\" content=\"https:\/\/santiagoinlove.com\/fr\/wp-content\/uploads\/sites\/2\/2022\/08\/Itineraires-Voie-du-Puy.png\" \/>\n\t<meta property=\"og:image:width\" content=\"854\" \/>\n\t<meta property=\"og:image:height\" content=\"640\" \/>\n\t<meta property=\"og:image:type\" content=\"image\/png\" \/>\n<meta name=\"twitter:card\" content=\"summary\" \/>\n<meta name=\"twitter:site\" content=\"@Santiago_InLove\" \/>\n<meta name=\"twitter:label1\" content=\"Dur\u00e9e de lecture estim\u00e9e\" \/>\n\t<meta name=\"twitter:data1\" content=\"4 minutes\" \/>\n<script type=\"application\/ld+json\" class=\"yoast-schema-graph\">{\"@context\":\"https:\/\/schema.org\",\"@graph\":[{\"@type\":\"WebSite\",\"@id\":\"https:\/\/santiagoinlove.com\/fr\/#website\",\"url\":\"https:\/\/santiagoinlove.com\/fr\/\",\"name\":\"Santiago in Love\",\"description\":\"100% Compostelle, le Chemin au Coeur\",\"potentialAction\":[{\"@type\":\"SearchAction\",\"target\":{\"@type\":\"EntryPoint\",\"urlTemplate\":\"https:\/\/santiagoinlove.com\/fr\/?s={search_term_string}\"},\"query-input\":\"required name=search_term_string\"}],\"inLanguage\":\"fr-FR\"},{\"@type\":\"ImageObject\",\"@id\":\"https:\/\/santiagoinlove.com\/fr\/chemins-de-saint-jacques-de-compostelle-itineraires\/voie-du-puy-gr65-via-podiensis\/#primaryimage\",\"inLanguage\":\"fr-FR\",\"url\":\"https:\/\/santiagoinlove.com\/fr\/wp-content\/uploads\/sites\/2\/2022\/08\/Itineraires-Voie-du-Puy.png\",\"contentUrl\":\"https:\/\/santiagoinlove.com\/fr\/wp-content\/uploads\/sites\/2\/2022\/08\/Itineraires-Voie-du-Puy.png\",\"width\":854,\"height\":640,\"caption\":\"Itineraires-Voie-du-Puy - Santiago in Love - CC BY-NC-SA\"},{\"@type\":\"WebPage\",\"@id\":\"https:\/\/santiagoinlove.com\/fr\/chemins-de-saint-jacques-de-compostelle-itineraires\/voie-du-puy-gr65-via-podiensis\/#webpage\",\"url\":\"https:\/\/santiagoinlove.com\/fr\/chemins-de-saint-jacques-de-compostelle-itineraires\/voie-du-puy-gr65-via-podiensis\/\",\"name\":\"Voie du Puy, GR65, Via Podiensis - Santiago in Love\",\"isPartOf\":{\"@id\":\"https:\/\/santiagoinlove.com\/fr\/#website\"},\"primaryImageOfPage\":{\"@id\":\"https:\/\/santiagoinlove.com\/fr\/chemins-de-saint-jacques-de-compostelle-itineraires\/voie-du-puy-gr65-via-podiensis\/#primaryimage\"},\"datePublished\":\"2022-08-04T13:20:55+00:00\",\"dateModified\":\"2023-05-09T11:32:23+00:00\",\"description\":\"Tous les articles de Santiago in Love li\u00e9s \u00e0 la voie du Puy\",\"breadcrumb\":{\"@id\":\"https:\/\/santiagoinlove.com\/fr\/chemins-de-saint-jacques-de-compostelle-itineraires\/voie-du-puy-gr65-via-podiensis\/#breadcrumb\"},\"inLanguage\":\"fr-FR\",\"potentialAction\":[{\"@type\":\"ReadAction\",\"target\":[\"https:\/\/santiagoinlove.com\/fr\/chemins-de-saint-jacques-de-compostelle-itineraires\/voie-du-puy-gr65-via-podiensis\/\"]}]},{\"@type\":\"BreadcrumbList\",\"@id\":\"https:\/\/santiagoinlove.com\/fr\/chemins-de-saint-jacques-de-compostelle-itineraires\/voie-du-puy-gr65-via-podiensis\/#breadcrumb\",\"itemListElement\":[{\"@type\":\"ListItem\",\"position\":1,\"name\":\"Accueil\",\"item\":\"https:\/\/santiagoinlove.com\/fr\/\"},{\"@type\":\"ListItem\",\"position\":2,\"name\":\"Chemins de Saint Jacques de Compostelle\",\"item\":\"https:\/\/santiagoinlove.com\/fr\/chemins-de-saint-jacques-de-compostelle-itineraires\/\"},{\"@type\":\"ListItem\",\"position\":3,\"name\":\"Voie du Puy, GR65, Via Podiensis\"}]}]}<\/script>\n<!-- \/ Yoast SEO plugin. -->","yoast_head_json":{"title":"Voie du Puy, GR65, Via Podiensis - Santiago in Love","description":"Tous les articles de Santiago in Love li\u00e9s \u00e0 la voie du Puy","robots":{"index":"index","follow":"follow","max-snippet":"max-snippet:-1","max-image-preview":"max-image-preview:large","max-video-preview":"max-video-preview:-1"},"canonical":"https:\/\/santiagoinlove.com\/fr\/chemins-de-saint-jacques-de-compostelle-itineraires\/voie-du-puy-gr65-via-podiensis\/","og_locale":"fr_FR","og_type":"article","og_title":"Voie du Puy, GR65, Via Podiensis - Santiago in Love","og_description":"Tous les articles de Santiago in Love li\u00e9s \u00e0 la voie du Puy","og_url":"https:\/\/santiagoinlove.com\/fr\/chemins-de-saint-jacques-de-compostelle-itineraires\/voie-du-puy-gr65-via-podiensis\/","og_site_name":"Santiago in Love","article_publisher":"https:\/\/www.facebook.com\/profile.php?id=100013299885604","article_modified_time":"2023-05-09T11:32:23+00:00","og_image":[{"width":854,"height":640,"url":"https:\/\/santiagoinlove.com\/fr\/wp-content\/uploads\/sites\/2\/2022\/08\/Itineraires-Voie-du-Puy.png","type":"image\/png"}],"twitter_card":"summary","twitter_site":"@Santiago_InLove","twitter_misc":{"Dur\u00e9e de lecture estim\u00e9e":"4 minutes"},"schema":{"@context":"https:\/\/schema.org","@graph":[{"@type":"WebSite","@id":"https:\/\/santiagoinlove.com\/fr\/#website","url":"https:\/\/santiagoinlove.com\/fr\/","name":"Santiago in Love","description":"100% Compostelle, le Chemin au Coeur","potentialAction":[{"@type":"SearchAction","target":{"@type":"EntryPoint","urlTemplate":"https:\/\/santiagoinlove.com\/fr\/?s={search_term_string}"},"query-input":"required name=search_term_string"}],"inLanguage":"fr-FR"},{"@type":"ImageObject","@id":"https:\/\/santiagoinlove.com\/fr\/chemins-de-saint-jacques-de-compostelle-itineraires\/voie-du-puy-gr65-via-podiensis\/#primaryimage","inLanguage":"fr-FR","url":"https:\/\/santiagoinlove.com\/fr\/wp-content\/uploads\/sites\/2\/2022\/08\/Itineraires-Voie-du-Puy.png","contentUrl":"https:\/\/santiagoinlove.com\/fr\/wp-content\/uploads\/sites\/2\/2022\/08\/Itineraires-Voie-du-Puy.png","width":854,"height":640,"caption":"Itineraires-Voie-du-Puy - Santiago in Love - CC BY-NC-SA"},{"@type":"WebPage","@id":"https:\/\/santiagoinlove.com\/fr\/chemins-de-saint-jacques-de-compostelle-itineraires\/voie-du-puy-gr65-via-podiensis\/#webpage","url":"https:\/\/santiagoinlove.com\/fr\/chemins-de-saint-jacques-de-compostelle-itineraires\/voie-du-puy-gr65-via-podiensis\/","name":"Voie du Puy, GR65, Via Podiensis - Santiago in Love","isPartOf":{"@id":"https:\/\/santiagoinlove.com\/fr\/#website"},"primaryImageOfPage":{"@id":"https:\/\/santiagoinlove.com\/fr\/chemins-de-saint-jacques-de-compostelle-itineraires\/voie-du-puy-gr65-via-podiensis\/#primaryimage"},"datePublished":"2022-08-04T13:20:55+00:00","dateModified":"2023-05-09T11:32:23+00:00","description":"Tous les articles de Santiago in Love li\u00e9s \u00e0 la voie du Puy","breadcrumb":{"@id":"https:\/\/santiagoinlove.com\/fr\/chemins-de-saint-jacques-de-compostelle-itineraires\/voie-du-puy-gr65-via-podiensis\/#breadcrumb"},"inLanguage":"fr-FR","potentialAction":[{"@type":"ReadAction","target":["https:\/\/santiagoinlove.com\/fr\/chemins-de-saint-jacques-de-compostelle-itineraires\/voie-du-puy-gr65-via-podiensis\/"]}]},{"@type":"BreadcrumbList","@id":"https:\/\/santiagoinlove.com\/fr\/chemins-de-saint-jacques-de-compostelle-itineraires\/voie-du-puy-gr65-via-podiensis\/#breadcrumb","itemListElement":[{"@type":"ListItem","position":1,"name":"Accueil","item":"https:\/\/santiagoinlove.com\/fr\/"},{"@type":"ListItem","position":2,"name":"Chemins de Saint Jacques de Compostelle","item":"https:\/\/santiagoinlove.com\/fr\/chemins-de-saint-jacques-de-compostelle-itineraires\/"},{"@type":"ListItem","position":3,"name":"Voie du Puy, GR65, Via Podiensis"}]}]}},"_links":{"self":[{"href":"https:\/\/santiagoinlove.com\/fr\/wp-json\/wp\/v2\/pages\/3594"}],"collection":[{"href":"https:\/\/santiagoinlove.com\/fr\/wp-json\/wp\/v2\/pages"}],"about":[{"href":"https:\/\/santiagoinlove.com\/fr\/wp-json\/wp\/v2\/types\/page"}],"author":[{"embeddable":true,"href":"https:\/\/santiagoinlove.com\/fr\/wp-json\/wp\/v2\/users\/1"}],"replies":[{"embeddable":true,"href":"https:\/\/santiagoinlove.com\/fr\/wp-json\/wp\/v2\/comments?post=3594"}],"version-history":[{"count":4,"href":"https:\/\/santiagoinlove.com\/fr\/wp-json\/wp\/v2\/pages\/3594\/revisions"}],"predecessor-version":[{"id":4133,"href":"https:\/\/santiagoinlove.com\/fr\/wp-json\/wp\/v2\/pages\/3594\/revisions\/4133"}],"up":[{"embeddable":true,"href":"https:\/\/santiagoinlove.com\/fr\/wp-json\/wp\/v2\/pages\/3446"}],"wp:featuredmedia":[{"embeddable":true,"href":"https:\/\/santiagoinlove.com\/fr\/wp-json\/wp\/v2\/media\/3597"}],"wp:attachment":[{"href":"https:\/\/santiagoinlove.com\/fr\/wp-json\/wp\/v2\/media?parent=3594"}],"curies":[{"name":"wp","href":"https:\/\/api.w.org\/{rel}","templated":true}]}}