{"id":3589,"date":"2022-08-04T14:02:29","date_gmt":"2022-08-04T13:02:29","guid":{"rendered":"https:\/\/santiagoinlove.com\/fr\/?page_id=3589"},"modified":"2022-08-04T14:13:56","modified_gmt":"2022-08-04T13:13:56","slug":"camino-frances","status":"publish","type":"page","link":"https:\/\/santiagoinlove.com\/fr\/chemins-de-saint-jacques-de-compostelle-itineraires\/camino-frances\/","title":{"rendered":"Camino Franc\u00e9s"},"content":{"rendered":"\n<p class=\"has-text-align-center has-medium-font-size\"><strong>Tous les articles de <em>Santiago in Love<\/em> li\u00e9s au Camino Franc\u00e9s<\/strong><\/p>\n\n\n\n<div class=\"wp-block-image\"><figure class=\"aligncenter size-large\"><img loading=\"lazy\" width=\"854\" height=\"640\" src=\"https:\/\/santiagoinlove.com\/fr\/wp-content\/uploads\/sites\/2\/2022\/08\/Itineraires-CFrances.png\" alt=\"\" class=\"wp-image-3590\" srcset=\"https:\/\/santiagoinlove.com\/fr\/wp-content\/uploads\/sites\/2\/2022\/08\/Itineraires-CFrances.png 854w, https:\/\/santiagoinlove.com\/fr\/wp-content\/uploads\/sites\/2\/2022\/08\/Itineraires-CFrances-300x225.png 300w, https:\/\/santiagoinlove.com\/fr\/wp-content\/uploads\/sites\/2\/2022\/08\/Itineraires-CFrances-768x576.png 768w\" sizes=\"(max-width: 854px) 100vw, 854px\" \/><\/figure><\/div>\n\n\n\n<div style=\"height:100px\" aria-hidden=\"true\" class=\"wp-block-spacer\"><\/div>\n\n\n\n<p class=\"has-text-align-center has-normal-font-size\"><strong><a href=\"#itineraire-camino-frances-preparation\">Pr\u00e9paration<\/a><\/strong><br><strong><a href=\"#itineraire-camino-frances-transports\">Transports<\/a><\/strong><br><strong><a href=\"#itineraire-camino-frances-saint-jean-pied-de-port-roncevaux\">Saint Jean Pied de Port &#8211; Roncevaux<\/a><\/strong><br><strong><a href=\"#itineraire-camino-frances-bivouac\">Bivouac<\/a><\/strong><br><\/p>\n\n\n\n<div style=\"height:100px\" aria-hidden=\"true\" class=\"wp-block-spacer\"><\/div>\n\n\n\n<hr class=\"wp-block-separator has-text-color has-background has-black-background-color has-black-color is-style-wide\"\/>\n\n\n\n<h2 class=\"has-text-align-center\" id=\"itineraire-camino-frances-preparation\">Pr\u00e9paration<\/h2>\n\n\n\n<div class=\"wp-block-image\"><figure class=\"aligncenter size-large\"><a href=\"https:\/\/santiagoinlove.com\/fr\/camino-frances-chemin-francais-guide-preparation\/\" target=\"_blank\" rel=\"noopener\"><img loading=\"lazy\" width=\"853\" height=\"640\" src=\"https:\/\/santiagoinlove.com\/fr\/wp-content\/uploads\/sites\/2\/2022\/04\/Camino-Frances-guide-1.png\" alt=\"Camino Frances - guide complet - Santiago in Love - CC BY-NC-ND\" class=\"wp-image-2917\" srcset=\"https:\/\/santiagoinlove.com\/fr\/wp-content\/uploads\/sites\/2\/2022\/04\/Camino-Frances-guide-1.png 853w, https:\/\/santiagoinlove.com\/fr\/wp-content\/uploads\/sites\/2\/2022\/04\/Camino-Frances-guide-1-300x225.png 300w, https:\/\/santiagoinlove.com\/fr\/wp-content\/uploads\/sites\/2\/2022\/04\/Camino-Frances-guide-1-768x576.png 768w\" sizes=\"(max-width: 853px) 100vw, 853px\" \/><\/a><\/figure><\/div>\n\n\n\n<div style=\"height:100px\" aria-hidden=\"true\" class=\"wp-block-spacer\"><\/div>\n\n\n\n<hr class=\"wp-block-separator has-text-color has-background has-black-background-color has-black-color is-style-wide\"\/>\n\n\n\n<h2 class=\"has-text-align-center\" id=\"itineraire-camino-frances-transports\">Transports<\/h2>\n\n\n<div class=\"vlp-link-container vlp-layout-basic wp-block-visual-link-preview-link\"><a href=\"https:\/\/santiagoinlove.com\/fr\/transport-comment-arriver-saint-jean-pied-de-port-guide-complet\/\" class=\"vlp-link\" title=\"Transport : arriver \u00e0 \/repartir de Saint Jean Pied de Port\" target=\"_blank\"><\/a><div class=\"vlp-layout-zone-side\"><div class=\"vlp-block-2 vlp-link-image\"><img style=\"max-width: 150px;\" width=\"150\" height=\"113\" src=\"https:\/\/santiagoinlove.com\/fr\/wp-content\/uploads\/sites\/2\/2021\/07\/Transport-SJPP.jpg\" class=\"attachment-150x999 size-150x999\" alt=\"Transport arriver \u00e0 Saint Jean Pied de Port guide, Santiago in Love\" loading=\"lazy\" srcset=\"https:\/\/santiagoinlove.com\/fr\/wp-content\/uploads\/sites\/2\/2021\/07\/Transport-SJPP.jpg 680w, https:\/\/santiagoinlove.com\/fr\/wp-content\/uploads\/sites\/2\/2021\/07\/Transport-SJPP-300x225.jpg 300w\" sizes=\"(max-width: 150px) 100vw, 150px\" \/><\/div><\/div><div class=\"vlp-layout-zone-main\"><div class=\"vlp-block-0 vlp-link-title\">Transport : arriver \u00e0 \/repartir de Saint Jean Pied de Port<\/div><div class=\"vlp-block-1 vlp-link-summary\">Toutes les options possibles d\u00e9taill\u00e9es: avion, train, bus, taxi, navettes p\u00e8lerin, covoiturage<\/div><\/div><\/div>\n\n\n<div style=\"height:100px\" aria-hidden=\"true\" class=\"wp-block-spacer\"><\/div>\n\n\n\n<hr class=\"wp-block-separator has-text-color has-background has-black-background-color has-black-color is-style-wide\"\/>\n\n\n\n<h2 class=\"has-text-align-center\" id=\"itineraire-camino-frances-saint-jean-pied-de-port-roncevaux\">St Jean Pied de Port &#8211; Roncevaux<\/h2>\n\n\n<div class=\"vlp-link-container vlp-layout-basic wp-block-visual-link-preview-link\"><a href=\"https:\/\/santiagoinlove.com\/fr\/couper-en-deux-saint-jean-pied-de-port-roncevaux\/\" class=\"vlp-link\" title=\"Comment couper en deux l&#039;\u00e9tape de Saint Jean Pied de Port \u00e0 Roncevaux\" target=\"_blank\"><\/a><div class=\"vlp-layout-zone-side\"><div class=\"vlp-block-2 vlp-link-image\"><img style=\"max-width: 150px;\" width=\"150\" height=\"113\" src=\"https:\/\/santiagoinlove.com\/fr\/wp-content\/uploads\/sites\/2\/2018\/06\/Couper-en-deux.jpg\" class=\"attachment-150x999 size-150x999\" alt=\"couper en deux\" loading=\"lazy\" srcset=\"https:\/\/santiagoinlove.com\/fr\/wp-content\/uploads\/sites\/2\/2018\/06\/Couper-en-deux.jpg 480w, https:\/\/santiagoinlove.com\/fr\/wp-content\/uploads\/sites\/2\/2018\/06\/Couper-en-deux-300x225.jpg 300w\" sizes=\"(max-width: 150px) 100vw, 150px\" \/><\/div><\/div><div class=\"vlp-layout-zone-main\"><div class=\"vlp-block-0 vlp-link-title\">Comment couper en deux l&rsquo;\u00e9tape de Saint Jean Pied de Port \u00e0 Roncevaux<\/div><div class=\"vlp-block-1 vlp-link-summary\">Vos options d\u00e9taill\u00e9es: h\u00e9bergements, navettes et taxis, bivouac<\/div><\/div><\/div>\n\n<div class=\"vlp-link-container vlp-layout-basic wp-block-visual-link-preview-link\"><a href=\"https:\/\/santiagoinlove.com\/fr\/ouverture-etape-saint-jean-pied-de-port-roncevaux-route-napoleon-montagne\/\" class=\"vlp-link\" title=\"Ouverture du Chemin entre Saint Jean Pied de Port et Roncevaux\" target=\"_blank\"><\/a><div class=\"vlp-layout-zone-side\"><div class=\"vlp-block-2 vlp-link-image\"><img style=\"max-width: 150px;\" width=\"150\" height=\"113\" src=\"https:\/\/santiagoinlove.com\/fr\/wp-content\/uploads\/sites\/2\/2022\/03\/Ouverture-etape-SJPP-Roncevaux.jpg\" class=\"attachment-150x999 size-150x999\" alt=\"Etape SJPP-Roncevaux - Marion Santiago in Love\" loading=\"lazy\" srcset=\"https:\/\/santiagoinlove.com\/fr\/wp-content\/uploads\/sites\/2\/2022\/03\/Ouverture-etape-SJPP-Roncevaux.jpg 640w, https:\/\/santiagoinlove.com\/fr\/wp-content\/uploads\/sites\/2\/2022\/03\/Ouverture-etape-SJPP-Roncevaux-300x225.jpg 300w\" sizes=\"(max-width: 150px) 100vw, 150px\" \/><\/div><\/div><div class=\"vlp-layout-zone-main\"><div class=\"vlp-block-0 vlp-link-title\">Ouverture du Chemin entre Saint Jean Pied de Port et Roncevaux<\/div><div class=\"vlp-block-1 vlp-link-summary\">Du 1er avril au 31 octobre, le Chemin est OUVERT: explications<\/div><\/div><\/div>\n\n<div class=\"vlp-link-container vlp-layout-basic wp-block-visual-link-preview-link\"><a href=\"https:\/\/santiagoinlove.com\/fr\/fermeture-hivernale-saint-jean-pied-de-port-roncevaux\/\" class=\"vlp-link\" title=\"Fermeture hivernale du Chemin entre Saint Jean Pied de Port et Roncevaux\" target=\"_blank\"><\/a><div class=\"vlp-layout-zone-side\"><div class=\"vlp-block-2 vlp-link-image\"><img style=\"max-width: 150px;\" width=\"150\" height=\"113\" src=\"https:\/\/santiagoinlove.com\/fr\/wp-content\/uploads\/sites\/2\/2021\/11\/Fermeture-SJPP-R-hiver.jpg\" class=\"attachment-150x999 size-150x999\" alt=\"\" loading=\"lazy\" srcset=\"https:\/\/santiagoinlove.com\/fr\/wp-content\/uploads\/sites\/2\/2021\/11\/Fermeture-SJPP-R-hiver.jpg 640w, https:\/\/santiagoinlove.com\/fr\/wp-content\/uploads\/sites\/2\/2021\/11\/Fermeture-SJPP-R-hiver-300x225.jpg 300w\" sizes=\"(max-width: 150px) 100vw, 150px\" \/><\/div><\/div><div class=\"vlp-layout-zone-main\"><div class=\"vlp-block-0 vlp-link-title\">Fermeture hivernale du Chemin entre Saint Jean Pied de Port et Roncevaux<\/div><div class=\"vlp-block-1 vlp-link-summary\">Du 1er novembre au 31 mars, le Chemin est FERME: explications<\/div><\/div><\/div>\n\n\n<div style=\"height:100px\" aria-hidden=\"true\" class=\"wp-block-spacer\"><\/div>\n\n\n\n<hr class=\"wp-block-separator has-text-color has-background has-black-background-color has-black-color is-style-wide\"\/>\n\n\n\n<h2 class=\"has-text-align-center\" id=\"itineraire-camino-frances-bivouac\">Bivouac<\/h2>\n\n\n<div class=\"vlp-link-container vlp-layout-basic wp-block-visual-link-preview-link\"><a href=\"https:\/\/santiagoinlove.com\/fr\/bivouac-espagne-regles-legislation-loi-legal\/\" class=\"vlp-link\" title=\"Bivouac en Espagne: r\u00e8gles et l\u00e9gislation\" target=\"_blank\"><\/a><div class=\"vlp-layout-zone-side\"><div class=\"vlp-block-2 vlp-link-image\"><img style=\"max-width: 150px;\" width=\"150\" height=\"121\" src=\"https:\/\/santiagoinlove.com\/fr\/wp-content\/uploads\/sites\/2\/2021\/08\/Espagne-legislation-camping.jpg\" class=\"attachment-150x999 size-150x999\" alt=\"Bivouac en Espagne, l\u00e9gal ou pas?\" loading=\"lazy\" srcset=\"https:\/\/santiagoinlove.com\/fr\/wp-content\/uploads\/sites\/2\/2021\/08\/Espagne-legislation-camping.jpg 1280w, https:\/\/santiagoinlove.com\/fr\/wp-content\/uploads\/sites\/2\/2021\/08\/Espagne-legislation-camping-300x241.jpg 300w, https:\/\/santiagoinlove.com\/fr\/wp-content\/uploads\/sites\/2\/2021\/08\/Espagne-legislation-camping-1024x823.jpg 1024w, https:\/\/santiagoinlove.com\/fr\/wp-content\/uploads\/sites\/2\/2021\/08\/Espagne-legislation-camping-768x617.jpg 768w\" sizes=\"(max-width: 150px) 100vw, 150px\" \/><\/div><\/div><div class=\"vlp-layout-zone-main\"><div class=\"vlp-block-0 vlp-link-title\">Bivouac en Espagne: r\u00e8gles et l\u00e9gislation<\/div><div class=\"vlp-block-1 vlp-link-summary\">OUI! Le bivouac est possible en Espagne, sous conditions. Explications!<\/div><\/div><\/div>\n\n\n<div style=\"height:100px\" aria-hidden=\"true\" class=\"wp-block-spacer\"><\/div>\n\n\n\n<hr class=\"wp-block-separator has-text-color has-background has-black-background-color has-black-color is-style-wide\"\/>\n\n\n\n<p class=\"has-text-align-center has-medium-font-size\"><strong>Buen Camino sur le Camino Franc\u00e9s<\/strong><br><strong>Ultre\u00efa!<\/strong><\/p>\n\n\n\n<div class=\"wp-block-image\"><figure class=\"aligncenter size-large is-resized\"><img loading=\"lazy\" src=\"https:\/\/santiagoinlove.com\/fr\/wp-content\/uploads\/sites\/2\/2022\/04\/Featured-image.png\" alt=\"Santiago in Love - 100% Compostelle, le Chemin au Coeur - Marion Santiago\" class=\"wp-image-2891\" width=\"150\" height=\"150\" srcset=\"https:\/\/santiagoinlove.com\/fr\/wp-content\/uploads\/sites\/2\/2022\/04\/Featured-image.png 600w, https:\/\/santiagoinlove.com\/fr\/wp-content\/uploads\/sites\/2\/2022\/04\/Featured-image-300x300.png 300w, https:\/\/santiagoinlove.com\/fr\/wp-content\/uploads\/sites\/2\/2022\/04\/Featured-image-150x150.png 150w\" sizes=\"(max-width: 150px) 100vw, 150px\" \/><\/figure><\/div>\n\n\n\n<div style=\"height:100px\" aria-hidden=\"true\" class=\"wp-block-spacer\"><\/div>\n","protected":false},"excerpt":{"rendered":"<p>Tous les articles de Santiago in Love li\u00e9s au Camino Franc\u00e9s Pr\u00e9parationTransportsSaint Jean Pied de Port &#8211; RoncevauxBivouac Pr\u00e9paration Transports St Jean Pied de Port &#8211; Roncevaux Bivouac Buen Camino sur le Camino Franc\u00e9sUltre\u00efa!<\/p>\n","protected":false},"author":1,"featured_media":3590,"parent":3446,"menu_order":0,"comment_status":"closed","ping_status":"closed","template":"","meta":{"_mi_skip_tracking":false,"_monsterinsights_sitenote_active":false,"_monsterinsights_sitenote_note":"","_monsterinsights_sitenote_category":0},"yoast_head":"<!-- This site is optimized with the Yoast SEO plugin v18.3 - https:\/\/yoast.com\/wordpress\/plugins\/seo\/ -->\n<title>Camino Franc\u00e9s - Santiago in Love<\/title>\n<meta name=\"description\" content=\"Tous les articles de Santiago in Love li\u00e9s au Camino Franc\u00e9s\" \/>\n<meta name=\"robots\" content=\"index, follow, max-snippet:-1, max-image-preview:large, max-video-preview:-1\" \/>\n<link rel=\"canonical\" href=\"https:\/\/santiagoinlove.com\/fr\/chemins-de-saint-jacques-de-compostelle-itineraires\/camino-frances\/\" \/>\n<meta property=\"og:locale\" content=\"fr_FR\" \/>\n<meta property=\"og:type\" content=\"article\" \/>\n<meta property=\"og:title\" content=\"Camino Franc\u00e9s - Santiago in Love\" \/>\n<meta property=\"og:description\" content=\"Tous les articles de Santiago in Love li\u00e9s au Camino Franc\u00e9s\" \/>\n<meta property=\"og:url\" content=\"https:\/\/santiagoinlove.com\/fr\/chemins-de-saint-jacques-de-compostelle-itineraires\/camino-frances\/\" \/>\n<meta property=\"og:site_name\" content=\"Santiago in Love\" \/>\n<meta property=\"article:publisher\" content=\"https:\/\/www.facebook.com\/profile.php?id=100013299885604\" \/>\n<meta property=\"article:modified_time\" content=\"2022-08-04T13:13:56+00:00\" \/>\n<meta property=\"og:image\" content=\"https:\/\/santiagoinlove.com\/fr\/wp-content\/uploads\/sites\/2\/2022\/08\/Itineraires-CFrances.png\" \/>\n\t<meta property=\"og:image:width\" content=\"854\" \/>\n\t<meta property=\"og:image:height\" content=\"640\" \/>\n\t<meta property=\"og:image:type\" content=\"image\/png\" \/>\n<meta name=\"twitter:card\" content=\"summary\" \/>\n<meta name=\"twitter:site\" content=\"@Santiago_InLove\" \/>\n<meta name=\"twitter:label1\" content=\"Dur\u00e9e de lecture estim\u00e9e\" \/>\n\t<meta name=\"twitter:data1\" content=\"3 minutes\" \/>\n<script type=\"application\/ld+json\" class=\"yoast-schema-graph\">{\"@context\":\"https:\/\/schema.org\",\"@graph\":[{\"@type\":\"WebSite\",\"@id\":\"https:\/\/santiagoinlove.com\/fr\/#website\",\"url\":\"https:\/\/santiagoinlove.com\/fr\/\",\"name\":\"Santiago in Love\",\"description\":\"100% Compostelle, le Chemin au Coeur\",\"potentialAction\":[{\"@type\":\"SearchAction\",\"target\":{\"@type\":\"EntryPoint\",\"urlTemplate\":\"https:\/\/santiagoinlove.com\/fr\/?s={search_term_string}\"},\"query-input\":\"required name=search_term_string\"}],\"inLanguage\":\"fr-FR\"},{\"@type\":\"ImageObject\",\"@id\":\"https:\/\/santiagoinlove.com\/fr\/chemins-de-saint-jacques-de-compostelle-itineraires\/camino-frances\/#primaryimage\",\"inLanguage\":\"fr-FR\",\"url\":\"https:\/\/santiagoinlove.com\/fr\/wp-content\/uploads\/sites\/2\/2022\/08\/Itineraires-CFrances.png\",\"contentUrl\":\"https:\/\/santiagoinlove.com\/fr\/wp-content\/uploads\/sites\/2\/2022\/08\/Itineraires-CFrances.png\",\"width\":854,\"height\":640,\"caption\":\"Itineraires - Espagne - Camino Frances - Santiago in Love CC BY-NC-SA\"},{\"@type\":\"WebPage\",\"@id\":\"https:\/\/santiagoinlove.com\/fr\/chemins-de-saint-jacques-de-compostelle-itineraires\/camino-frances\/#webpage\",\"url\":\"https:\/\/santiagoinlove.com\/fr\/chemins-de-saint-jacques-de-compostelle-itineraires\/camino-frances\/\",\"name\":\"Camino Franc\u00e9s - Santiago in Love\",\"isPartOf\":{\"@id\":\"https:\/\/santiagoinlove.com\/fr\/#website\"},\"primaryImageOfPage\":{\"@id\":\"https:\/\/santiagoinlove.com\/fr\/chemins-de-saint-jacques-de-compostelle-itineraires\/camino-frances\/#primaryimage\"},\"datePublished\":\"2022-08-04T13:02:29+00:00\",\"dateModified\":\"2022-08-04T13:13:56+00:00\",\"description\":\"Tous les articles de Santiago in Love li\u00e9s au Camino Franc\u00e9s\",\"breadcrumb\":{\"@id\":\"https:\/\/santiagoinlove.com\/fr\/chemins-de-saint-jacques-de-compostelle-itineraires\/camino-frances\/#breadcrumb\"},\"inLanguage\":\"fr-FR\",\"potentialAction\":[{\"@type\":\"ReadAction\",\"target\":[\"https:\/\/santiagoinlove.com\/fr\/chemins-de-saint-jacques-de-compostelle-itineraires\/camino-frances\/\"]}]},{\"@type\":\"BreadcrumbList\",\"@id\":\"https:\/\/santiagoinlove.com\/fr\/chemins-de-saint-jacques-de-compostelle-itineraires\/camino-frances\/#breadcrumb\",\"itemListElement\":[{\"@type\":\"ListItem\",\"position\":1,\"name\":\"Accueil\",\"item\":\"https:\/\/santiagoinlove.com\/fr\/\"},{\"@type\":\"ListItem\",\"position\":2,\"name\":\"Chemins de Saint Jacques de Compostelle\",\"item\":\"https:\/\/santiagoinlove.com\/fr\/chemins-de-saint-jacques-de-compostelle-itineraires\/\"},{\"@type\":\"ListItem\",\"position\":3,\"name\":\"Camino Franc\u00e9s\"}]}]}<\/script>\n<!-- \/ Yoast SEO plugin. -->","yoast_head_json":{"title":"Camino Franc\u00e9s - Santiago in Love","description":"Tous les articles de Santiago in Love li\u00e9s au Camino Franc\u00e9s","robots":{"index":"index","follow":"follow","max-snippet":"max-snippet:-1","max-image-preview":"max-image-preview:large","max-video-preview":"max-video-preview:-1"},"canonical":"https:\/\/santiagoinlove.com\/fr\/chemins-de-saint-jacques-de-compostelle-itineraires\/camino-frances\/","og_locale":"fr_FR","og_type":"article","og_title":"Camino Franc\u00e9s - Santiago in Love","og_description":"Tous les articles de Santiago in Love li\u00e9s au Camino Franc\u00e9s","og_url":"https:\/\/santiagoinlove.com\/fr\/chemins-de-saint-jacques-de-compostelle-itineraires\/camino-frances\/","og_site_name":"Santiago in Love","article_publisher":"https:\/\/www.facebook.com\/profile.php?id=100013299885604","article_modified_time":"2022-08-04T13:13:56+00:00","og_image":[{"width":854,"height":640,"url":"https:\/\/santiagoinlove.com\/fr\/wp-content\/uploads\/sites\/2\/2022\/08\/Itineraires-CFrances.png","type":"image\/png"}],"twitter_card":"summary","twitter_site":"@Santiago_InLove","twitter_misc":{"Dur\u00e9e de lecture estim\u00e9e":"3 minutes"},"schema":{"@context":"https:\/\/schema.org","@graph":[{"@type":"WebSite","@id":"https:\/\/santiagoinlove.com\/fr\/#website","url":"https:\/\/santiagoinlove.com\/fr\/","name":"Santiago in Love","description":"100% Compostelle, le Chemin au Coeur","potentialAction":[{"@type":"SearchAction","target":{"@type":"EntryPoint","urlTemplate":"https:\/\/santiagoinlove.com\/fr\/?s={search_term_string}"},"query-input":"required name=search_term_string"}],"inLanguage":"fr-FR"},{"@type":"ImageObject","@id":"https:\/\/santiagoinlove.com\/fr\/chemins-de-saint-jacques-de-compostelle-itineraires\/camino-frances\/#primaryimage","inLanguage":"fr-FR","url":"https:\/\/santiagoinlove.com\/fr\/wp-content\/uploads\/sites\/2\/2022\/08\/Itineraires-CFrances.png","contentUrl":"https:\/\/santiagoinlove.com\/fr\/wp-content\/uploads\/sites\/2\/2022\/08\/Itineraires-CFrances.png","width":854,"height":640,"caption":"Itineraires - Espagne - Camino Frances - Santiago in Love CC BY-NC-SA"},{"@type":"WebPage","@id":"https:\/\/santiagoinlove.com\/fr\/chemins-de-saint-jacques-de-compostelle-itineraires\/camino-frances\/#webpage","url":"https:\/\/santiagoinlove.com\/fr\/chemins-de-saint-jacques-de-compostelle-itineraires\/camino-frances\/","name":"Camino Franc\u00e9s - Santiago in Love","isPartOf":{"@id":"https:\/\/santiagoinlove.com\/fr\/#website"},"primaryImageOfPage":{"@id":"https:\/\/santiagoinlove.com\/fr\/chemins-de-saint-jacques-de-compostelle-itineraires\/camino-frances\/#primaryimage"},"datePublished":"2022-08-04T13:02:29+00:00","dateModified":"2022-08-04T13:13:56+00:00","description":"Tous les articles de Santiago in Love li\u00e9s au Camino Franc\u00e9s","breadcrumb":{"@id":"https:\/\/santiagoinlove.com\/fr\/chemins-de-saint-jacques-de-compostelle-itineraires\/camino-frances\/#breadcrumb"},"inLanguage":"fr-FR","potentialAction":[{"@type":"ReadAction","target":["https:\/\/santiagoinlove.com\/fr\/chemins-de-saint-jacques-de-compostelle-itineraires\/camino-frances\/"]}]},{"@type":"BreadcrumbList","@id":"https:\/\/santiagoinlove.com\/fr\/chemins-de-saint-jacques-de-compostelle-itineraires\/camino-frances\/#breadcrumb","itemListElement":[{"@type":"ListItem","position":1,"name":"Accueil","item":"https:\/\/santiagoinlove.com\/fr\/"},{"@type":"ListItem","position":2,"name":"Chemins de Saint Jacques de Compostelle","item":"https:\/\/santiagoinlove.com\/fr\/chemins-de-saint-jacques-de-compostelle-itineraires\/"},{"@type":"ListItem","position":3,"name":"Camino Franc\u00e9s"}]}]}},"_links":{"self":[{"href":"https:\/\/santiagoinlove.com\/fr\/wp-json\/wp\/v2\/pages\/3589"}],"collection":[{"href":"https:\/\/santiagoinlove.com\/fr\/wp-json\/wp\/v2\/pages"}],"about":[{"href":"https:\/\/santiagoinlove.com\/fr\/wp-json\/wp\/v2\/types\/page"}],"author":[{"embeddable":true,"href":"https:\/\/santiagoinlove.com\/fr\/wp-json\/wp\/v2\/users\/1"}],"replies":[{"embeddable":true,"href":"https:\/\/santiagoinlove.com\/fr\/wp-json\/wp\/v2\/comments?post=3589"}],"version-history":[{"count":3,"href":"https:\/\/santiagoinlove.com\/fr\/wp-json\/wp\/v2\/pages\/3589\/revisions"}],"predecessor-version":[{"id":3596,"href":"https:\/\/santiagoinlove.com\/fr\/wp-json\/wp\/v2\/pages\/3589\/revisions\/3596"}],"up":[{"embeddable":true,"href":"https:\/\/santiagoinlove.com\/fr\/wp-json\/wp\/v2\/pages\/3446"}],"wp:featuredmedia":[{"embeddable":true,"href":"https:\/\/santiagoinlove.com\/fr\/wp-json\/wp\/v2\/media\/3590"}],"wp:attachment":[{"href":"https:\/\/santiagoinlove.com\/fr\/wp-json\/wp\/v2\/media?parent=3589"}],"curies":[{"name":"wp","href":"https:\/\/api.w.org\/{rel}","templated":true}]}}