{"id":2868,"date":"2022-04-25T09:47:03","date_gmt":"2022-04-25T08:47:03","guid":{"rendered":"https:\/\/santiagoinlove.com\/fr\/?page_id=2868"},"modified":"2022-04-25T11:46:42","modified_gmt":"2022-04-25T10:46:42","slug":"mentions-legales-politique-confidentialite-conditions-generales","status":"publish","type":"page","link":"https:\/\/santiagoinlove.com\/fr\/mentions-legales-politique-confidentialite-conditions-generales\/","title":{"rendered":"Trucs l\u00e9gaux"},"content":{"rendered":"\n<p>H\u00e9bergement, politiques d&rsquo;utilisation, cookies, etc&#8230; Tous les aspects l\u00e9gaux de <em>Santiago in Love<\/em> sont r\u00e9unis sur cette page.<\/p>\n\n\n\n<p><a href=\"#Legal-mention\">Mentions l\u00e9gales<\/a> &#8211; <a href=\"#Legal-rgpd\">Confidentialit\u00e9 et donn\u00e9es personnelles<\/a> &#8211; <a href=\"#Legal-cookies\">Cookies et analyse d&rsquo;audience<\/a> &#8211; <a href=\"#Legal-propriete\">Propri\u00e9t\u00e9 intellectuelle<\/a> &#8211; <a href=\"#Legal-responsabilite\">Responsabilit\u00e9s<\/a> &#8211; <a href=\"#Legal-commentaires\">Commentaires<\/a> &#8211; <a href=\"#Legal-contenuintegre\">Contenus int\u00e9gr\u00e9s<\/a><\/p>\n\n\n\n<p>Le contenu de cette page s\u2019applique \u00e0 tout visiteur du site. En consultant <em>Santiago in Love<\/em>, vous acceptez les conditions de navigation d\u00e9taill\u00e9es ici et vous engagez sans r\u00e9serve \u00e0 les respecter. <br>Le contenu de cette page peut \u00eatre modifi\u00e9 \u00e0 tout moment et sans pr\u00e9avis, consultez-le r\u00e9guli\u00e8rement pour en prendre connaissance!<\/p>\n\n\n\n<div style=\"height:50px\" aria-hidden=\"true\" class=\"wp-block-spacer\"><\/div>\n\n\n\n<h2 id=\"Legal-mention\">Mentions l\u00e9gales<\/h2>\n\n\n\n<p><strong class=\"privacy-policy-tutorial\">Le site<\/strong><br><em>Santiago in Love<\/em>, accessible \u00e0 cette adresse: <a href=\"https:\/\/santiagoinlove.com\/\" target=\"_blank\" rel=\"noreferrer noopener\">https:\/\/santiagoinlove.com\/<\/a><\/p>\n\n\n\n<p><strong>Responsable<\/strong><br>Marion D \u00ab\u00a0Santiago\u00a0\u00bb &#8211; 17 rue de Woustviller &#8211; 57910 Hambach &#8211; France<br>contactmarion@santiagoinlove.com<\/p>\n\n\n\n<p><strong>H\u00e9bergement<\/strong><br><em>Santiago in Love<\/em> est h\u00e9berg\u00e9 par Gandi, en France \ud83c\uddeb\ud83c\uddf7<br>Gandi SAS &#8211; 63, 65 Boulevard Massena &#8211; 75013 Paris &#8211; France <br>Tel : +33170377661<br><a href=\"https:\/\/www.gandi.net\/fr\" target=\"_blank\" rel=\"noreferrer noopener\">Leur site web<\/a><br><a href=\"https:\/\/www.gandi.net\/fr\/contracts\/privacy-policy\" target=\"_blank\" rel=\"noreferrer noopener\">Leur politique de confidentialit\u00e9<\/a><\/p>\n\n\n\n<div style=\"height:100px\" aria-hidden=\"true\" class=\"wp-block-spacer\"><\/div>\n\n\n\n<h2 id=\"Legal-rgpd\">Confidentialit\u00e9 et donn\u00e9es personnelles<\/h2>\n\n\n\n<p><em>Santiago in Love<\/em> a \u00e0 c\u0153ur de respecter et prot\u00e9ger vos donn\u00e9es personnelles.<\/p>\n\n\n\n<p>Globalement, l&rsquo;acc\u00e8s \u00e0 <em>Santiago in Love<\/em> et son contenu ne n\u00e9cessite pas de partager vos informations personnelles. Cela peut toutefois arriver dans certains cas (sans obligation de votre part):<br>\u2022 Pour partager un commentaire<br>\u2022 Pour utiliser le formulaire de contact<br>\u2022 Pour am\u00e9liorer l&rsquo;utilisation du site et sa navigation (cookies, voir plus bas)<br>\u2022 Pour l&rsquo;analyse du trafic (cookies et Google Analytics, voir plus bas)<br>En d\u00e9posant un commentaire sur le site, en utilisant le formulaire du contact, en acceptant les cookies ou en continuant votre visite sur <em>Santiago in Love<\/em>, vous acceptez de partager vos informations personnelles et leur traitement selon les modalit\u00e9s d\u00e9crites sur cette page.<\/p>\n\n\n\n<p><strong>Destinataires<\/strong><br>Les donn\u00e9es collect\u00e9es par les formulaires sont exclusivement trait\u00e9es par <em>Santiago in Love<\/em>. Elles ne sont en aucun cas partag\u00e9es, \u00e9chang\u00e9es, c\u00e9d\u00e9es ou vendues \u00e0 un tiers.<br>Dans le cas du fonctionnement du site et de l&rsquo;analyse de son trafic, les donn\u00e9es sont trait\u00e9es par <em>Santiago in Love<\/em> et les prestataires choisis pour assurer ces t\u00e2ches. Ces derniers s&rsquo;engagent \u00e9galement \u00e0 respecter et prot\u00e9ger toute donn\u00e9e personnelle trait\u00e9e.<\/p>\n\n\n\n<p><strong>Dur\u00e9e de conservation<\/strong><br>Vos informations personnelles sont conserv\u00e9es pour une dur\u00e9e limit\u00e9e, variable selon sa finalit\u00e9:<br>\u2022 Commentaire: tant que votre commentaire est publi\u00e9 sur le site<br>\u2022 Formulaire de contact: jusqu&rsquo;\u00e0 3 ans apr\u00e8s son utilisation, apr\u00e8s quoi elles seront supprim\u00e9es<br>\u2022 Cookies: 13 mois maximum, apr\u00e8s quoi votre consentement sera redemand\u00e9<br>\u2022 Google Analytics: jusqu&rsquo;\u00e0 3 ans<\/p>\n\n\n\n<p><strong>Vos droits<\/strong><br>Vous b\u00e9n\u00e9ficiez d&rsquo;un droit d&rsquo;acc\u00e8s, de modification et de suppression des donn\u00e9es vous concernant. Cela sur demande aupr\u00e8s de <em>Santiago in Love<\/em> et sous r\u00e9serve de prouver votre identit\u00e9.<\/p>\n\n\n\n<p><strong>R\u00e9clamations<\/strong><br>Si vous consid\u00e9rez que <em>Santiago in Love<\/em> manque \u00e0 ses obligations vis \u00e0 vis de la confidentialit\u00e9 et la protection des donn\u00e9es, vous pouvez adresser une plainte aupr\u00e8s de la CNIL.<br><a href=\"https:\/\/www.cnil.fr\/fr\/cnil-direct\/question\/adresser-une-reclamation-plainte-la-cnil-quelles-conditions-et-comment\" target=\"_blank\" rel=\"noreferrer noopener\">En savoir plus<\/a><\/p>\n\n\n\n<p><strong>Cadre l\u00e9gal<\/strong><br>R\u00e8glement g\u00e9n\u00e9ral europ\u00e9en sur la protection des donn\u00e9es (RGPD), appliqu\u00e9 en France par la loi Informatique et Libert\u00e9<br><a href=\"https:\/\/www.economie.gouv.fr\/dgccrf\/Publications\/Vie-pratique\/Fiches-pratiques\/protection-des-donnees-personnelles-quels-sont-droits\" target=\"_blank\" rel=\"noreferrer noopener\">En savoir plus<\/a><\/p>\n\n\n\n<div style=\"height:100px\" aria-hidden=\"true\" class=\"wp-block-spacer\"><\/div>\n\n\n\n<h2 id=\"Legal-cookies\">Cookies et analyse de l&rsquo;audience<\/h2>\n\n\n\n<p><strong>Les cookies, c&rsquo;est quoi?<\/strong><br>Des biscuits avec des p\u00e9pites de chocolat! Miam! \ud83c\udf6a<br>Ce sont aussi de petits fichiers que votre navigateur stocke sur votre appareil (ordinateur, t\u00e9l\u00e9phone ou autre). Pourquoi? Pour plein de raisons! Par exemple: permettre le fonctionnement de <em>Santiago in Love<\/em>, vous faciliter la visite du site, mesurer l&rsquo;audience du site, permettre le fonctionnement des r\u00e9seaux sociaux sur le site, etc.<\/p>\n\n\n\n<p><strong>Consentement<\/strong><br>Les cookies strictement et exclusivement n\u00e9cessaires au fonctionnement de <em>Santiago in Love<\/em> sont pr\u00e9sents et ne n\u00e9cessitent pas votre consentement.<br>TOUS les autres cookies sont syst\u00e9matiquement soumis \u00e0 votre consentement. Votre pr\u00e9sence sur <em>Santiago in Love<\/em> apr\u00e8s l&rsquo;affichage de la barre de cookie implique votre consentement \u00e0 leur utilisation, selon les pr\u00e9f\u00e9rences que vous avez indiqu\u00e9.<br>Vous pouvez \u00e0 tout moment modifier vos pr\u00e9f\u00e9rences, via votre navigateur<\/p>\n\n\n\n<p><strong>Refuser, d\u00e9sactiver et supprimer les cookies<\/strong><br>Vous pouvez choisir de refuser l&rsquo;utilisation et le stockage de cookies sur votre appareil. <em>Santiago in Love<\/em> vous demandera automatiquement de renouveler ce choix \u00e0 chaque visite.<br>Vous pouvez \u00e0 tout moment modifier vos pr\u00e9f\u00e9rences relatives aux cookies ou supprimer les cookies de <em>Santiago in Love<\/em>, via votre navigateur.<br><span style=\"text-decoration: underline;\">Note importante<\/span>: la d\u00e9sactivation des cookies de <em>Santiago in Love<\/em> peut provoquer des dysfonctionnements du site.<\/p>\n\n\n\n<p><strong>Analyse de l&rsquo;audience<\/strong><br><em>Santiago in Love<\/em> utilise Google Analytics. Ce service d\u2019analyse du trafic de Google utilise des cookies pour analyser votre utilisation du site. Ces informations (notamment votre adresse IP anonymis\u00e9e) sont transmises et stock\u00e9es par Google sur des serveurs situ\u00e9s aux Etats-Unis. Elles sont supprim\u00e9es automatiquement au bout de 38 mois.<br>Vous pouvez refuser l&rsquo;analyse de vos visites sur <em>Santiago in Love<\/em> en param\u00e9trant vos cookies et votre navigateur. Cela n&rsquo;aura pas d&rsquo;impact sur votre navigation sur le site.<\/p>\n\n\n\n<p><strong>Cadre l\u00e9gal<\/strong><br>Les cookies sont soumis \u00e0 la directive europ\u00e9enne \u00ab\u00a0ePrivacy\u00a0\u00bb, appliqu\u00e9e en France par la loi Informatique et Libert\u00e9s.<br><a href=\"https:\/\/www.cnil.fr\/fr\/cookies-et-traceurs-que-dit-la-loi\" target=\"_blank\" rel=\"noreferrer noopener\">En savoir plus<\/a><\/p>\n\n\n\n<div style=\"height:100px\" aria-hidden=\"true\" class=\"wp-block-spacer\"><\/div>\n\n\n\n<h2 id=\"Legal-propriete\">Propri\u00e9t\u00e9 intellectuelle<\/h2>\n\n\n\n<p><strong>Contenus produits par <em>Santiago in Love<\/em><\/strong><br>Par d\u00e9faut, tous les \u00e9l\u00e9ments (textes, images et autres media) produits par <em>Santiago in Love<\/em> sont soumis aux droits d\u2019auteur. Par cons\u00e9quence, toute r\u00e9utilisation ou reproduction totale ou partielle de ceux-ci sans accord pr\u00e9alable et \u00e9crit est ainsi interdite.<br>Dans le cas des images et cr\u00e9ations graphiques, des licences Creative Commons peuvent s&rsquo;appliquer. La r\u00e9utilisation ou reproduction des media concern\u00e9s est alors autoris\u00e9e, dans le respect des licences indiqu\u00e9es. <br>Les \u00e9l\u00e9ments de l&rsquo;identit\u00e9 graphiques de <em>Santiago in Love<\/em> (logos, ic\u00f4nes, images d&rsquo;arri\u00e8re-plan) sont exclus des licences Creative Commons et sont soumis au droit d&rsquo;auteur. Toute r\u00e9utilisation ou reproduction de ceux-ci est interdite.<\/p>\n\n\n\n<p><strong>Contenus produits par des tiers<\/strong> (sauf commentaires: voir partie d\u00e9di\u00e9e)<br><em>Santiago in Love<\/em> publie des \u00e9l\u00e9ments produits par des tiers (textes, images, media).<br>Les \u00e9l\u00e9ments en usage libre ou partag\u00e9 (domaine public, licences Creative Commons), sont publi\u00e9s librement ou dans le respect des licences indiqu\u00e9es par leurs auteurs. <br>Pour les \u00e9l\u00e9ments soumis \u00e0 la propri\u00e9t\u00e9 intellectuelle et au droit d&rsquo;auteur, ceux-ci sont publi\u00e9s apr\u00e8s autorisation de leurs auteurs et leur sont attribu\u00e9s.<br>Les auteurs d&rsquo;\u00e9l\u00e9ments tiers ont \u00e0 tout moment la possibilit\u00e9 de demander leur retrait ou leur modification en contactant le site. <em>Santiago in Love<\/em> s&rsquo;engage \u00e0 r\u00e9pondre \u00e0 ces demandes aussi vite qu possible.<\/p>\n\n\n\n<div style=\"height:100px\" aria-hidden=\"true\" class=\"wp-block-spacer\"><\/div>\n\n\n\n<h2 id=\"Legal-responsabilite\">Responsabilit\u00e9s<\/h2>\n\n\n\n<p><em>Santiago in Love<\/em> propose du contenu en libre acc\u00e8s. Le site a pour vocation d&rsquo;informer et conseiller les p\u00e8lerins au sujet des Chemins de Compostelle, ainsi que de partager des r\u00e9flexions et encourager les discussions sur ce th\u00e8me.<\/p>\n\n\n\n<p>Les contenus de Marion Santiago refl\u00e8tent ses connaissances et son exp\u00e9rience. L&rsquo;auteur accorde une grande importance \u00e0 la qualit\u00e9 de son contenu et s&rsquo;attache \u00e0 partager des informations \u00e0 jour, compl\u00e8tes, correctes et bas\u00e9es sur des sources solides. Cette t\u00e2che \u00e9tant titanesque, l&rsquo;auteur ne peut cependant garantir que son contenu soit \u00e0 tout moment exact ou \u00e0 jour. Les contenus produits par Marion Santiago sont ainsi donn\u00e9s \u00e0 titre indicatif et n&rsquo;ont pas pr\u00e9tention de v\u00e9rit\u00e9s absolues.<br>Par cons\u00e9quent, les visiteurs de <em>Santiago in Love<\/em> sont responsables de v\u00e9rifier la validit\u00e9 et la pertinence des informations et conseils partag\u00e9s. Ils sont \u00e9galement responsables de l&rsquo;interpr\u00e9tation, de l&rsquo;utilisation et la mise en application qu&rsquo;ils en font. <br><em>Santiago in Love<\/em> et Marion Santiago ne sauraient \u00eatre tenu responsables de toute exp\u00e9riences n\u00e9gatives suivant le passage d&rsquo;un visiteur sur le site et son appropriation des informations et conseils qui y sont propos\u00e9s.<\/p>\n\n\n\n<p><em>Santiago in Love<\/em> publie \u00e9galement des contenus produit par des tierces personnes. Ils refl\u00e8tent alors exclusivement leurs avis, connaissances et exp\u00e9riences, et n&rsquo;engagent que ces personnes. <br><em>Santiago in Love<\/em> ne garanti en aucun cas la validit\u00e9 et la pertinence de ces contenus. Les visiteurs du site sont responsables de v\u00e9rifier la validit\u00e9 et la pertinence des informations et conseils partag\u00e9s par des tierces personnes. Ils sont \u00e9galement responsables de l&rsquo;interpr\u00e9tation, de l&rsquo;utilisation et la mise en application qu&rsquo;ils en font. <br>Ni <em>Santiago in Love<\/em> ni Marion Santiago ne sauraient en \u00eatre tenus responsables de toute exp\u00e9rience n\u00e9gative d\u00e9coulant de ces contenus.<\/p>\n\n\n\n<div style=\"height:100px\" aria-hidden=\"true\" class=\"wp-block-spacer\"><\/div>\n\n\n\n<h2 id=\"Legal-commentaires\">Commentaires<\/h2>\n\n\n\n<p><em>Santiago in Love<\/em> se veut un site ouvert, bienveillant et respectueux. <\/p>\n\n\n\n<p>Les commentaires moqueurs, d\u00e9gradants, agressifs, injurieux ou discriminatoires ne sont pas tol\u00e9r\u00e9s. <br>\u00c9galement, les spams et commentaires \u00e0 des fins promotionnelles ou commerciales ne sont pas admis.<br>En tant que responsable du site, Marion Santiago se r\u00e9serve ainsi le droit de mod\u00e9rer, modifier ou supprimer tout commentaire jug\u00e9 contraire aux lois en vigueur ou mettant \u00e0 mal l&rsquo;esprit de <em>Santiago in Love<\/em>.<\/p>\n\n\n\n<p>Les commentaires d\u00e9pos\u00e9s par les visiteurs de <em>Santiago in Love<\/em> refl\u00e8tent exclusivement l\u2019avis de leurs auteurs et demeurent sous leur responsabilit\u00e9. Publier un commentaires sur le site implique d&rsquo;accepte de se soumettre aux lois fran\u00e7aises et internationales.<\/p>\n\n\n\n<div style=\"height:100px\" aria-hidden=\"true\" class=\"wp-block-spacer\"><\/div>\n\n\n\n<h2 id=\"Legal-contenuintegre\">Contenus int\u00e9gr\u00e9s<\/h2>\n\n\n\n<p><em>Santiago in Love<\/em> inclus des contenus int\u00e9gr\u00e9s depuis d\u2019autres plateformes (par exemple Facebook, Twitter, Youtube, etc.). Ce type de contenu fonctionne de m\u00eame mani\u00e8re que si l\u2019utilisateur se rendait sur ces autres plateformes et est soumis \u00e0 leurs politiques de fonctionnement. <br><em>Santiago in Love<\/em> ne saurait \u00eatre tenu responsable de ce type de contenu.<\/p>\n\n\n\n<div style=\"height:100px\" aria-hidden=\"true\" class=\"wp-block-spacer\"><\/div>\n","protected":false},"excerpt":{"rendered":"<p>H\u00e9bergement, politiques d&rsquo;utilisation, cookies, etc&#8230; Tous les aspects l\u00e9gaux de Santiago in Love sont r\u00e9unis sur cette page. Mentions l\u00e9gales &#8211; Confidentialit\u00e9 et donn\u00e9es personnelles &#8211; Cookies et analyse d&rsquo;audience &#8211; Propri\u00e9t\u00e9 intellectuelle &#8211; Responsabilit\u00e9s &#8211; Commentaires &#8211; Contenus int\u00e9gr\u00e9s Le contenu de cette page s\u2019applique \u00e0 tout visiteur du site. En consultant Santiago in &hellip;<\/p>\n<p class=\"read-more\"> <a class=\"\" href=\"https:\/\/santiagoinlove.com\/fr\/mentions-legales-politique-confidentialite-conditions-generales\/\"> <span class=\"screen-reader-text\">Trucs l\u00e9gaux<\/span> Lire la suite\u00a0\u00bb<\/a><\/p>\n","protected":false},"author":1,"featured_media":0,"parent":0,"menu_order":0,"comment_status":"closed","ping_status":"closed","template":"","meta":{"_mi_skip_tracking":false,"_monsterinsights_sitenote_active":false,"_monsterinsights_sitenote_note":"","_monsterinsights_sitenote_category":0},"yoast_head":"<!-- This site is optimized with the Yoast SEO plugin v18.3 - https:\/\/yoast.com\/wordpress\/plugins\/seo\/ -->\n<title>Trucs l\u00e9gaux - Santiago in Love<\/title>\n<meta name=\"description\" content=\"Tous les aspects l\u00e9gaux de Santiago in Love sont r\u00e9unis sur cette page.\" \/>\n<meta name=\"robots\" content=\"index, follow, max-snippet:-1, max-image-preview:large, max-video-preview:-1\" \/>\n<link rel=\"canonical\" href=\"https:\/\/santiagoinlove.com\/fr\/mentions-legales-politique-confidentialite-conditions-generales\/\" \/>\n<meta property=\"og:locale\" content=\"fr_FR\" \/>\n<meta property=\"og:type\" content=\"article\" \/>\n<meta property=\"og:title\" content=\"Trucs l\u00e9gaux - Santiago in Love\" \/>\n<meta property=\"og:description\" content=\"Tous les aspects l\u00e9gaux de Santiago in Love sont r\u00e9unis sur cette page.\" \/>\n<meta property=\"og:url\" content=\"https:\/\/santiagoinlove.com\/fr\/mentions-legales-politique-confidentialite-conditions-generales\/\" \/>\n<meta property=\"og:site_name\" content=\"Santiago in Love\" \/>\n<meta property=\"article:publisher\" content=\"https:\/\/www.facebook.com\/profile.php?id=100013299885604\" \/>\n<meta property=\"article:modified_time\" content=\"2022-04-25T10:46:42+00:00\" \/>\n<meta property=\"og:image\" content=\"https:\/\/santiagoinlove.com\/fr\/wp-content\/uploads\/sites\/2\/2022\/04\/Featured-image.png\" \/>\n\t<meta property=\"og:image:width\" content=\"600\" \/>\n\t<meta property=\"og:image:height\" content=\"600\" \/>\n\t<meta property=\"og:image:type\" content=\"image\/png\" \/>\n<meta name=\"twitter:card\" content=\"summary\" \/>\n<meta name=\"twitter:site\" content=\"@Santiago_InLove\" \/>\n<meta name=\"twitter:label1\" content=\"Dur\u00e9e de lecture estim\u00e9e\" \/>\n\t<meta name=\"twitter:data1\" content=\"8 minutes\" \/>\n<script type=\"application\/ld+json\" class=\"yoast-schema-graph\">{\"@context\":\"https:\/\/schema.org\",\"@graph\":[{\"@type\":\"WebSite\",\"@id\":\"https:\/\/santiagoinlove.com\/fr\/#website\",\"url\":\"https:\/\/santiagoinlove.com\/fr\/\",\"name\":\"Santiago in Love\",\"description\":\"100% Compostelle, le Chemin au Coeur\",\"potentialAction\":[{\"@type\":\"SearchAction\",\"target\":{\"@type\":\"EntryPoint\",\"urlTemplate\":\"https:\/\/santiagoinlove.com\/fr\/?s={search_term_string}\"},\"query-input\":\"required name=search_term_string\"}],\"inLanguage\":\"fr-FR\"},{\"@type\":\"WebPage\",\"@id\":\"https:\/\/santiagoinlove.com\/fr\/mentions-legales-politique-confidentialite-conditions-generales\/#webpage\",\"url\":\"https:\/\/santiagoinlove.com\/fr\/mentions-legales-politique-confidentialite-conditions-generales\/\",\"name\":\"Trucs l\u00e9gaux - Santiago in Love\",\"isPartOf\":{\"@id\":\"https:\/\/santiagoinlove.com\/fr\/#website\"},\"datePublished\":\"2022-04-25T08:47:03+00:00\",\"dateModified\":\"2022-04-25T10:46:42+00:00\",\"description\":\"Tous les aspects l\u00e9gaux de Santiago in Love sont r\u00e9unis sur cette page.\",\"breadcrumb\":{\"@id\":\"https:\/\/santiagoinlove.com\/fr\/mentions-legales-politique-confidentialite-conditions-generales\/#breadcrumb\"},\"inLanguage\":\"fr-FR\",\"potentialAction\":[{\"@type\":\"ReadAction\",\"target\":[\"https:\/\/santiagoinlove.com\/fr\/mentions-legales-politique-confidentialite-conditions-generales\/\"]}]},{\"@type\":\"BreadcrumbList\",\"@id\":\"https:\/\/santiagoinlove.com\/fr\/mentions-legales-politique-confidentialite-conditions-generales\/#breadcrumb\",\"itemListElement\":[{\"@type\":\"ListItem\",\"position\":1,\"name\":\"Accueil\",\"item\":\"https:\/\/santiagoinlove.com\/fr\/\"},{\"@type\":\"ListItem\",\"position\":2,\"name\":\"Trucs l\u00e9gaux\"}]}]}<\/script>\n<!-- \/ Yoast SEO plugin. -->","yoast_head_json":{"title":"Trucs l\u00e9gaux - Santiago in Love","description":"Tous les aspects l\u00e9gaux de Santiago in Love sont r\u00e9unis sur cette page.","robots":{"index":"index","follow":"follow","max-snippet":"max-snippet:-1","max-image-preview":"max-image-preview:large","max-video-preview":"max-video-preview:-1"},"canonical":"https:\/\/santiagoinlove.com\/fr\/mentions-legales-politique-confidentialite-conditions-generales\/","og_locale":"fr_FR","og_type":"article","og_title":"Trucs l\u00e9gaux - Santiago in Love","og_description":"Tous les aspects l\u00e9gaux de Santiago in Love sont r\u00e9unis sur cette page.","og_url":"https:\/\/santiagoinlove.com\/fr\/mentions-legales-politique-confidentialite-conditions-generales\/","og_site_name":"Santiago in Love","article_publisher":"https:\/\/www.facebook.com\/profile.php?id=100013299885604","article_modified_time":"2022-04-25T10:46:42+00:00","og_image":[{"width":600,"height":600,"url":"https:\/\/santiagoinlove.com\/fr\/wp-content\/uploads\/sites\/2\/2022\/04\/Featured-image.png","type":"image\/png"}],"twitter_card":"summary","twitter_site":"@Santiago_InLove","twitter_misc":{"Dur\u00e9e de lecture estim\u00e9e":"8 minutes"},"schema":{"@context":"https:\/\/schema.org","@graph":[{"@type":"WebSite","@id":"https:\/\/santiagoinlove.com\/fr\/#website","url":"https:\/\/santiagoinlove.com\/fr\/","name":"Santiago in Love","description":"100% Compostelle, le Chemin au Coeur","potentialAction":[{"@type":"SearchAction","target":{"@type":"EntryPoint","urlTemplate":"https:\/\/santiagoinlove.com\/fr\/?s={search_term_string}"},"query-input":"required name=search_term_string"}],"inLanguage":"fr-FR"},{"@type":"WebPage","@id":"https:\/\/santiagoinlove.com\/fr\/mentions-legales-politique-confidentialite-conditions-generales\/#webpage","url":"https:\/\/santiagoinlove.com\/fr\/mentions-legales-politique-confidentialite-conditions-generales\/","name":"Trucs l\u00e9gaux - Santiago in Love","isPartOf":{"@id":"https:\/\/santiagoinlove.com\/fr\/#website"},"datePublished":"2022-04-25T08:47:03+00:00","dateModified":"2022-04-25T10:46:42+00:00","description":"Tous les aspects l\u00e9gaux de Santiago in Love sont r\u00e9unis sur cette page.","breadcrumb":{"@id":"https:\/\/santiagoinlove.com\/fr\/mentions-legales-politique-confidentialite-conditions-generales\/#breadcrumb"},"inLanguage":"fr-FR","potentialAction":[{"@type":"ReadAction","target":["https:\/\/santiagoinlove.com\/fr\/mentions-legales-politique-confidentialite-conditions-generales\/"]}]},{"@type":"BreadcrumbList","@id":"https:\/\/santiagoinlove.com\/fr\/mentions-legales-politique-confidentialite-conditions-generales\/#breadcrumb","itemListElement":[{"@type":"ListItem","position":1,"name":"Accueil","item":"https:\/\/santiagoinlove.com\/fr\/"},{"@type":"ListItem","position":2,"name":"Trucs l\u00e9gaux"}]}]}},"_links":{"self":[{"href":"https:\/\/santiagoinlove.com\/fr\/wp-json\/wp\/v2\/pages\/2868"}],"collection":[{"href":"https:\/\/santiagoinlove.com\/fr\/wp-json\/wp\/v2\/pages"}],"about":[{"href":"https:\/\/santiagoinlove.com\/fr\/wp-json\/wp\/v2\/types\/page"}],"author":[{"embeddable":true,"href":"https:\/\/santiagoinlove.com\/fr\/wp-json\/wp\/v2\/users\/1"}],"replies":[{"embeddable":true,"href":"https:\/\/santiagoinlove.com\/fr\/wp-json\/wp\/v2\/comments?post=2868"}],"version-history":[{"count":9,"href":"https:\/\/santiagoinlove.com\/fr\/wp-json\/wp\/v2\/pages\/2868\/revisions"}],"predecessor-version":[{"id":2878,"href":"https:\/\/santiagoinlove.com\/fr\/wp-json\/wp\/v2\/pages\/2868\/revisions\/2878"}],"wp:attachment":[{"href":"https:\/\/santiagoinlove.com\/fr\/wp-json\/wp\/v2\/media?parent=2868"}],"curies":[{"name":"wp","href":"https:\/\/api.w.org\/{rel}","templated":true}]}}