{"id":275,"date":"2016-08-01T12:00:45","date_gmt":"2016-08-01T11:00:45","guid":{"rendered":"http:\/\/santiagoinlove.com\/fr\/?page_id=275"},"modified":"2016-08-02T05:18:51","modified_gmt":"2016-08-02T04:18:51","slug":"operation-sagesse-en-chemin","status":"publish","type":"page","link":"https:\/\/santiagoinlove.com\/fr\/operation-sagesse-en-chemin\/","title":{"rendered":"Sagesse en Chemin"},"content":{"rendered":"<h2 style=\"text-align: center;\">Bienvenue \u00e0\u00a0l&rsquo;op\u00e9ration \u00ab\u00a0Sagesse en Chemin\u00a0\u00bb!<\/h2>\n<p><img loading=\"lazy\" class=\"aligncenter wp-image-264 size-full\" title=\"Op\u00e9ration &quot;Sagesse en Chemin&quot;\" src=\"http:\/\/santiagoinlove.com\/fr\/wp-content\/uploads\/sites\/2\/2016\/08\/Wisdom-on-the-Way.jpg\" alt=\"Op\u00e9ration Sagesse en Chemin\" width=\"480\" height=\"263\" srcset=\"https:\/\/santiagoinlove.com\/fr\/wp-content\/uploads\/sites\/2\/2016\/08\/Wisdom-on-the-Way.jpg 480w, https:\/\/santiagoinlove.com\/fr\/wp-content\/uploads\/sites\/2\/2016\/08\/Wisdom-on-the-Way-300x164.jpg 300w\" sizes=\"(max-width: 480px) 100vw, 480px\" \/><\/p>\n<p>&nbsp;<\/p>\n<h2 style=\"text-align: center;\">Heu&#8230; c&rsquo;est quoi?<\/h2>\n<p style=\"text-align: center;\">L&rsquo;op\u00e9ration \u00ab\u00a0Sagesse en Chemin\u00a0\u00bb a pour but principal d&rsquo;<span style=\"color: #0000ff;\"><strong>apporter de la douceur, du beau et de la conscience dans votre vie<\/strong><\/span>. Tout simplement, avec de l&rsquo;amour, de la joie et de la sinc\u00e9rit\u00e9. Sans pr\u00e9tentions et sans fioritures!<\/p>\n<p style=\"text-align: center;\">L&rsquo;op\u00e9ration utilise\u00a0<strong>des bouts de papiers grands comme des cartes de visite ou des cartes postales<\/strong>. A fourrer dans un portefeuille, \u00e0 coller dans un album, \u00e0 accrocher sur le frigo ou \u00e0 offrir \u00e0 un proche. Au recto, <strong>une belle image et la mention <em>Santiago in Love<\/em><\/strong>. Au verso, <strong>une pens\u00e9e inspirante pour faire fleurir les coeurs<\/strong>!\u00a0Ces cartes ressemblent \u00e0 ceci:<\/p>\n<p><img loading=\"lazy\" class=\"aligncenter wp-image-258 size-full\" title=\"Op\u00e9ration &quot;Sagesse en Chemin&quot; 2016: les cartes\" src=\"http:\/\/santiagoinlove.com\/fr\/wp-content\/uploads\/sites\/2\/2016\/08\/SotW-Cartes-fr.jpg\" alt=\"Op\u00e9ration Sagesse en Chemin les cartes\" width=\"360\" height=\"312\" srcset=\"https:\/\/santiagoinlove.com\/fr\/wp-content\/uploads\/sites\/2\/2016\/08\/SotW-Cartes-fr.jpg 360w, https:\/\/santiagoinlove.com\/fr\/wp-content\/uploads\/sites\/2\/2016\/08\/SotW-Cartes-fr-300x260.jpg 300w\" sizes=\"(max-width: 360px) 100vw, 360px\" \/><\/p>\n<p>&nbsp;<\/p>\n<h2 style=\"text-align: center;\">Comment \u00e7a\u00a0marche?<\/h2>\n<p style=\"text-align: center;\"><strong>Je s\u00e8me les \u00ab\u00a0Sagesses en\u00a0Chemin\u00a0\u00bb<\/strong>. Entre Le Puy et Figeac, \u00e0 partir d&rsquo;ao\u00fbt<\/p>\n<p style=\"text-align: center;\"><strong>Vous les\u00a0r\u00e9cup\u00e9rez<\/strong>.<\/p>\n<p style=\"text-align: center;\"><span style=\"text-decoration: underline;\">a)<\/span><strong>\u00a0Vous gardez votre \u00ab\u00a0Sagesse\u00a0\u00bb<\/strong>\u00a0ou <span style=\"text-decoration: underline;\">b)<\/span>\u00a0<strong>vous la faites circuler<\/strong>.<\/p>\n<p style=\"text-align: center;\">Vous \u00eates \u00e0 pr\u00e9sent <strong>gardien de votre \u00ab\u00a0Sagesse\u00a0\u00bb<\/strong>!<\/p>\n<p style=\"text-align: center;\">Enfin, si vous le voulez, <strong>contactez-moi<\/strong> pour me raconter votre Chemin et votre rencontre avec votre \u00ab\u00a0Sagesse\u00a0\u00bb.<\/p>\n<p style=\"text-align: center;\"><strong><span style=\"text-decoration: underline;\">Pr\u00e9cision: ceci n&rsquo;est pas un concours, mais une envie de partage!<\/span><\/strong><\/p>\n<h2 style=\"text-align: center;\"><span style=\"text-decoration: underline; color: #0000ff;\">Cependant:\u00a0<\/span><\/h2>\n<p style=\"text-align: center;\">Pour cette <strong>toute premi\u00e8re \u00e9dition<\/strong> et pour les<strong> 10 premi\u00e8res personnes <\/strong>qui me contacterons dans le cadre de l&rsquo;op\u00e9ration \u00ab\u00a0Sagesse en Chemin\u00a0\u00bb&#8230;<\/p>\n<p style=\"text-align: center;\"><strong>&#8230; j&rsquo;offre une illustration faite de ma\u00a0main!\u00a0<\/strong><\/p>\n<p style=\"text-align: center;\"><img loading=\"lazy\" class=\"wp-image-261 alignnone\" title=\"Style de l'illustration propos\u00e9e\" src=\"http:\/\/santiagoinlove.com\/fr\/wp-content\/uploads\/sites\/2\/2016\/08\/Tbl-Flecha-300x300.jpg\" alt=\"Style de l'illustration propos\u00e9e\" width=\"150\" height=\"150\" srcset=\"https:\/\/santiagoinlove.com\/fr\/wp-content\/uploads\/sites\/2\/2016\/08\/Tbl-Flecha-300x300.jpg 300w, https:\/\/santiagoinlove.com\/fr\/wp-content\/uploads\/sites\/2\/2016\/08\/Tbl-Flecha-150x150.jpg 150w, https:\/\/santiagoinlove.com\/fr\/wp-content\/uploads\/sites\/2\/2016\/08\/Tbl-Flecha.jpg 360w\" sizes=\"(max-width: 150px) 100vw, 150px\" \/><img loading=\"lazy\" class=\"alignnone size-thumbnail wp-image-279\" src=\"http:\/\/santiagoinlove.com\/fr\/wp-content\/uploads\/sites\/2\/2016\/08\/Tbl-Flecha-detail-150x150.jpg\" alt=\"Tbl - Flecha detail\" width=\"150\" height=\"150\" \/><\/p>\n<p style=\"text-align: center;\">(selon crit\u00e8res)<\/p>\n<h2 style=\"text-align: center;\">Plus de pr\u00e9cision pour la premi\u00e8re \u00e9dition 2016: rendez-vous sur <a href=\"http:\/\/santiagoinlove.com\/fr\/operation-sagesse-en-chemin-edition-2016\/\">cet\u00a0article<\/a><\/h2>\n<h3 style=\"text-align: center;\">(notamment, si vous \u00eates assez rapides, les crit\u00e8res pour re\u00e7evoir une illustration \ud83d\ude09 )<\/h3>\n","protected":false},"excerpt":{"rendered":"<p>Bienvenue \u00e0\u00a0l&rsquo;op\u00e9ration \u00ab\u00a0Sagesse en Chemin\u00a0\u00bb! &nbsp; Heu&#8230; c&rsquo;est quoi? L&rsquo;op\u00e9ration \u00ab\u00a0Sagesse en Chemin\u00a0\u00bb a pour but principal d&rsquo;apporter de la douceur, du beau et de la conscience dans votre vie. Tout simplement, avec de l&rsquo;amour, de la joie et de la sinc\u00e9rit\u00e9. Sans pr\u00e9tentions et sans fioritures! L&rsquo;op\u00e9ration utilise\u00a0des bouts de papiers grands comme des &hellip;<\/p>\n<p class=\"read-more\"> <a class=\"\" href=\"https:\/\/santiagoinlove.com\/fr\/operation-sagesse-en-chemin\/\"> <span class=\"screen-reader-text\">Sagesse en Chemin<\/span> Lire la suite\u00a0\u00bb<\/a><\/p>\n","protected":false},"author":1,"featured_media":0,"parent":0,"menu_order":0,"comment_status":"closed","ping_status":"closed","template":"","meta":{"_mi_skip_tracking":false,"_monsterinsights_sitenote_active":false,"_monsterinsights_sitenote_note":"","_monsterinsights_sitenote_category":0},"yoast_head":"<!-- This site is optimized with the Yoast SEO plugin v18.3 - https:\/\/yoast.com\/wordpress\/plugins\/seo\/ -->\n<title>Sagesse en Chemin - Santiago in Love<\/title>\n<meta name=\"description\" content=\"&quot;Sagesse en Chemin&quot;, l&#039;op\u00e9ration de Santiago in Love pour apporter plus de douceur et de conscience dans le Monde. A savourer, \u00e0 partager!\" \/>\n<meta name=\"robots\" content=\"index, follow, max-snippet:-1, max-image-preview:large, max-video-preview:-1\" \/>\n<link rel=\"canonical\" href=\"https:\/\/santiagoinlove.com\/fr\/operation-sagesse-en-chemin\/\" \/>\n<meta property=\"og:locale\" content=\"fr_FR\" \/>\n<meta property=\"og:type\" content=\"article\" \/>\n<meta property=\"og:title\" content=\"Sagesse en Chemin - Santiago in Love\" \/>\n<meta property=\"og:description\" content=\"&quot;Sagesse en Chemin&quot;, l&#039;op\u00e9ration de Santiago in Love pour apporter plus de douceur et de conscience dans le Monde. A savourer, \u00e0 partager!\" \/>\n<meta property=\"og:url\" content=\"https:\/\/santiagoinlove.com\/fr\/operation-sagesse-en-chemin\/\" \/>\n<meta property=\"og:site_name\" content=\"Santiago in Love\" \/>\n<meta property=\"article:publisher\" content=\"https:\/\/www.facebook.com\/profile.php?id=100013299885604\" \/>\n<meta property=\"article:modified_time\" content=\"2016-08-02T04:18:51+00:00\" \/>\n<meta property=\"og:image\" content=\"http:\/\/santiagoinlove.com\/fr\/wp-content\/uploads\/sites\/2\/2016\/08\/Wisdom-on-the-Way.jpg\" \/>\n<meta name=\"twitter:card\" content=\"summary\" \/>\n<meta name=\"twitter:site\" content=\"@Santiago_InLove\" \/>\n<meta name=\"twitter:label1\" content=\"Dur\u00e9e de lecture estim\u00e9e\" \/>\n\t<meta name=\"twitter:data1\" content=\"1 minute\" \/>\n<script type=\"application\/ld+json\" class=\"yoast-schema-graph\">{\"@context\":\"https:\/\/schema.org\",\"@graph\":[{\"@type\":\"WebSite\",\"@id\":\"https:\/\/santiagoinlove.com\/fr\/#website\",\"url\":\"https:\/\/santiagoinlove.com\/fr\/\",\"name\":\"Santiago in Love\",\"description\":\"100% Compostelle, le Chemin au Coeur\",\"potentialAction\":[{\"@type\":\"SearchAction\",\"target\":{\"@type\":\"EntryPoint\",\"urlTemplate\":\"https:\/\/santiagoinlove.com\/fr\/?s={search_term_string}\"},\"query-input\":\"required name=search_term_string\"}],\"inLanguage\":\"fr-FR\"},{\"@type\":\"ImageObject\",\"@id\":\"https:\/\/santiagoinlove.com\/fr\/operation-sagesse-en-chemin\/#primaryimage\",\"inLanguage\":\"fr-FR\",\"url\":\"http:\/\/santiagoinlove.com\/fr\/wp-content\/uploads\/sites\/2\/2016\/08\/Wisdom-on-the-Way.jpg\",\"contentUrl\":\"http:\/\/santiagoinlove.com\/fr\/wp-content\/uploads\/sites\/2\/2016\/08\/Wisdom-on-the-Way.jpg\"},{\"@type\":\"WebPage\",\"@id\":\"https:\/\/santiagoinlove.com\/fr\/operation-sagesse-en-chemin\/#webpage\",\"url\":\"https:\/\/santiagoinlove.com\/fr\/operation-sagesse-en-chemin\/\",\"name\":\"Sagesse en Chemin - Santiago in Love\",\"isPartOf\":{\"@id\":\"https:\/\/santiagoinlove.com\/fr\/#website\"},\"primaryImageOfPage\":{\"@id\":\"https:\/\/santiagoinlove.com\/fr\/operation-sagesse-en-chemin\/#primaryimage\"},\"datePublished\":\"2016-08-01T11:00:45+00:00\",\"dateModified\":\"2016-08-02T04:18:51+00:00\",\"description\":\"\\\"Sagesse en Chemin\\\", l'op\u00e9ration de Santiago in Love pour apporter plus de douceur et de conscience dans le Monde. A savourer, \u00e0 partager!\",\"breadcrumb\":{\"@id\":\"https:\/\/santiagoinlove.com\/fr\/operation-sagesse-en-chemin\/#breadcrumb\"},\"inLanguage\":\"fr-FR\",\"potentialAction\":[{\"@type\":\"ReadAction\",\"target\":[\"https:\/\/santiagoinlove.com\/fr\/operation-sagesse-en-chemin\/\"]}]},{\"@type\":\"BreadcrumbList\",\"@id\":\"https:\/\/santiagoinlove.com\/fr\/operation-sagesse-en-chemin\/#breadcrumb\",\"itemListElement\":[{\"@type\":\"ListItem\",\"position\":1,\"name\":\"Accueil\",\"item\":\"https:\/\/santiagoinlove.com\/fr\/\"},{\"@type\":\"ListItem\",\"position\":2,\"name\":\"Sagesse en Chemin\"}]}]}<\/script>\n<!-- \/ Yoast SEO plugin. -->","yoast_head_json":{"title":"Sagesse en Chemin - Santiago in Love","description":"\"Sagesse en Chemin\", l'op\u00e9ration de Santiago in Love pour apporter plus de douceur et de conscience dans le Monde. A savourer, \u00e0 partager!","robots":{"index":"index","follow":"follow","max-snippet":"max-snippet:-1","max-image-preview":"max-image-preview:large","max-video-preview":"max-video-preview:-1"},"canonical":"https:\/\/santiagoinlove.com\/fr\/operation-sagesse-en-chemin\/","og_locale":"fr_FR","og_type":"article","og_title":"Sagesse en Chemin - Santiago in Love","og_description":"\"Sagesse en Chemin\", l'op\u00e9ration de Santiago in Love pour apporter plus de douceur et de conscience dans le Monde. A savourer, \u00e0 partager!","og_url":"https:\/\/santiagoinlove.com\/fr\/operation-sagesse-en-chemin\/","og_site_name":"Santiago in Love","article_publisher":"https:\/\/www.facebook.com\/profile.php?id=100013299885604","article_modified_time":"2016-08-02T04:18:51+00:00","og_image":[{"url":"http:\/\/santiagoinlove.com\/fr\/wp-content\/uploads\/sites\/2\/2016\/08\/Wisdom-on-the-Way.jpg"}],"twitter_card":"summary","twitter_site":"@Santiago_InLove","twitter_misc":{"Dur\u00e9e de lecture estim\u00e9e":"1 minute"},"schema":{"@context":"https:\/\/schema.org","@graph":[{"@type":"WebSite","@id":"https:\/\/santiagoinlove.com\/fr\/#website","url":"https:\/\/santiagoinlove.com\/fr\/","name":"Santiago in Love","description":"100% Compostelle, le Chemin au Coeur","potentialAction":[{"@type":"SearchAction","target":{"@type":"EntryPoint","urlTemplate":"https:\/\/santiagoinlove.com\/fr\/?s={search_term_string}"},"query-input":"required name=search_term_string"}],"inLanguage":"fr-FR"},{"@type":"ImageObject","@id":"https:\/\/santiagoinlove.com\/fr\/operation-sagesse-en-chemin\/#primaryimage","inLanguage":"fr-FR","url":"http:\/\/santiagoinlove.com\/fr\/wp-content\/uploads\/sites\/2\/2016\/08\/Wisdom-on-the-Way.jpg","contentUrl":"http:\/\/santiagoinlove.com\/fr\/wp-content\/uploads\/sites\/2\/2016\/08\/Wisdom-on-the-Way.jpg"},{"@type":"WebPage","@id":"https:\/\/santiagoinlove.com\/fr\/operation-sagesse-en-chemin\/#webpage","url":"https:\/\/santiagoinlove.com\/fr\/operation-sagesse-en-chemin\/","name":"Sagesse en Chemin - Santiago in Love","isPartOf":{"@id":"https:\/\/santiagoinlove.com\/fr\/#website"},"primaryImageOfPage":{"@id":"https:\/\/santiagoinlove.com\/fr\/operation-sagesse-en-chemin\/#primaryimage"},"datePublished":"2016-08-01T11:00:45+00:00","dateModified":"2016-08-02T04:18:51+00:00","description":"\"Sagesse en Chemin\", l'op\u00e9ration de Santiago in Love pour apporter plus de douceur et de conscience dans le Monde. A savourer, \u00e0 partager!","breadcrumb":{"@id":"https:\/\/santiagoinlove.com\/fr\/operation-sagesse-en-chemin\/#breadcrumb"},"inLanguage":"fr-FR","potentialAction":[{"@type":"ReadAction","target":["https:\/\/santiagoinlove.com\/fr\/operation-sagesse-en-chemin\/"]}]},{"@type":"BreadcrumbList","@id":"https:\/\/santiagoinlove.com\/fr\/operation-sagesse-en-chemin\/#breadcrumb","itemListElement":[{"@type":"ListItem","position":1,"name":"Accueil","item":"https:\/\/santiagoinlove.com\/fr\/"},{"@type":"ListItem","position":2,"name":"Sagesse en Chemin"}]}]}},"_links":{"self":[{"href":"https:\/\/santiagoinlove.com\/fr\/wp-json\/wp\/v2\/pages\/275"}],"collection":[{"href":"https:\/\/santiagoinlove.com\/fr\/wp-json\/wp\/v2\/pages"}],"about":[{"href":"https:\/\/santiagoinlove.com\/fr\/wp-json\/wp\/v2\/types\/page"}],"author":[{"embeddable":true,"href":"https:\/\/santiagoinlove.com\/fr\/wp-json\/wp\/v2\/users\/1"}],"replies":[{"embeddable":true,"href":"https:\/\/santiagoinlove.com\/fr\/wp-json\/wp\/v2\/comments?post=275"}],"version-history":[{"count":5,"href":"https:\/\/santiagoinlove.com\/fr\/wp-json\/wp\/v2\/pages\/275\/revisions"}],"predecessor-version":[{"id":283,"href":"https:\/\/santiagoinlove.com\/fr\/wp-json\/wp\/v2\/pages\/275\/revisions\/283"}],"wp:attachment":[{"href":"https:\/\/santiagoinlove.com\/fr\/wp-json\/wp\/v2\/media?parent=275"}],"curies":[{"name":"wp","href":"https:\/\/api.w.org\/{rel}","templated":true}]}}