{"id":269,"date":"2016-08-02T03:43:19","date_gmt":"2016-08-02T02:43:19","guid":{"rendered":"http:\/\/santiagoinlove.com\/fr\/?page_id=269"},"modified":"2022-11-07T18:52:04","modified_gmt":"2022-11-07T17:52:04","slug":"contact","status":"publish","type":"page","link":"https:\/\/santiagoinlove.com\/fr\/contact\/","title":{"rendered":"Contact"},"content":{"rendered":"\n<div style=\"height:50px\" aria-hidden=\"true\" class=\"wp-block-spacer\"><\/div>\n\n\n\n<p>Une histoire \u00e0 raconter?<br>Un commentaire (constructif) \u00e0 proposer?<br>Une question \u00e0 poser?<br>Une demande de conseil?<br>Un appel au secours?<br>Dans tous les cas, vous avez un <strong>besoin irr\u00e9pressible de me contacter<\/strong>&#8230;<br>Respirez, vous \u00eates sur la bonne page!<\/p>\n\n\n\n<p><strong>Remplissez le formulaire ci-dessous et envoyez-moi un mail. <\/strong><br><strong>Je vous r\u00e9pondrai au plus vite!<\/strong><\/p>\n\n\n\n<p class=\"has-cyan-bluish-gray-color has-text-color\"><em><span style=\"color:#667379\" class=\"has-inline-color\">Si vous n&rsquo;avez pas de nouvelles de ma part, ce n&rsquo;est pas normal. Malgr\u00e9 mes efforts pour faire du bon tri, votre message a peut-\u00eatre \u00e9t\u00e9 class\u00e9 en spam&#8230; Toutes mes excuses! N&rsquo;h\u00e9sitez pas \u00e0 me relancer ou \u00e0 tenter un contact via une autre plateforme (Facebook, Instagram)!<\/span><\/em><\/p>\n\n\n\n<div style=\"height:50px\" aria-hidden=\"true\" class=\"wp-block-spacer\"><\/div>\n\n\n\n<div class=\"wp-block-contact-form-7-contact-form-selector\"><div role=\"form\" class=\"wpcf7\" id=\"wpcf7-f270-o1\" lang=\"fr-FR\" dir=\"ltr\">\n<div class=\"screen-reader-response\"><p role=\"status\" aria-live=\"polite\" aria-atomic=\"true\"><\/p> <ul><\/ul><\/div>\n<form action=\"\/fr\/wp-json\/wp\/v2\/pages\/269#wpcf7-f270-o1\" method=\"post\" class=\"wpcf7-form init\" enctype=\"multipart\/form-data\" novalidate=\"novalidate\" data-status=\"init\">\n<div style=\"display: none;\">\n<input type=\"hidden\" name=\"_wpcf7\" value=\"270\" \/>\n<input type=\"hidden\" name=\"_wpcf7_version\" value=\"5.5.6\" \/>\n<input type=\"hidden\" name=\"_wpcf7_locale\" value=\"fr_FR\" \/>\n<input type=\"hidden\" name=\"_wpcf7_unit_tag\" value=\"wpcf7-f270-o1\" \/>\n<input type=\"hidden\" name=\"_wpcf7_container_post\" value=\"0\" \/>\n<input type=\"hidden\" name=\"_wpcf7_posted_data_hash\" value=\"\" \/>\n<\/div>\n<p><b>*Nom: <\/b><br \/>\n    <span class=\"wpcf7-form-control-wrap your-name\"><input type=\"text\" name=\"your-name\" value=\"\" size=\"40\" class=\"wpcf7-form-control wpcf7-text wpcf7-validates-as-required\" aria-required=\"true\" aria-invalid=\"false\" \/><\/span> <\/p>\n<p><b>*Email: <\/b><br \/>\n    <span class=\"wpcf7-form-control-wrap your-email\"><input type=\"email\" name=\"your-email\" value=\"\" size=\"40\" class=\"wpcf7-form-control wpcf7-text wpcf7-email wpcf7-validates-as-required wpcf7-validates-as-email\" aria-required=\"true\" aria-invalid=\"false\" \/><\/span> <\/p>\n<p><b>*Sujet: <\/b><br \/>\n    <span class=\"wpcf7-form-control-wrap your-subject\"><input type=\"text\" name=\"your-subject\" value=\"\" size=\"40\" class=\"wpcf7-form-control wpcf7-text wpcf7-validates-as-required\" aria-required=\"true\" aria-invalid=\"false\" \/><\/span> <\/p>\n<p><b>Message: <\/b><br \/>\n    <span class=\"wpcf7-form-control-wrap your-message\"><textarea name=\"your-message\" cols=\"40\" rows=\"2\" class=\"wpcf7-form-control wpcf7-textarea\" aria-invalid=\"false\"><\/textarea><\/span> <\/p>\n<p>    <span class=\"wpcf7-form-control-wrap file-381\"><input type=\"file\" name=\"file-381\" size=\"40\" class=\"wpcf7-form-control wpcf7-file\" accept=\".jpg,.jpeg,.png,.gif,.pdf,.doc,.docx,.ppt,.pptx,.odt,.avi,.ogg,.m4a,.mov,.mp3,.mp4,.mpg,.wav,.wmv\" aria-invalid=\"false\" \/><\/span><br \/>\n<\/br><\/p>\n<p><b>*Et pour distinguer les humains des robots et des spams, compl\u00e9tez la phrase suivante: <\/b><br \/>\n<span class=\"wpcf7-form-control-wrap quiz-142\"><label><span class=\"wpcf7-quiz-label\">Tous les p\u00e8lerins finissent par arriver \u00e0 Saint Jacques de...<\/span> <input type=\"text\" name=\"quiz-142\" size=\"40\" class=\"wpcf7-form-control wpcf7-quiz\" autocomplete=\"off\" aria-required=\"true\" aria-invalid=\"false\" \/><\/label><input type=\"hidden\" name=\"_wpcf7_quiz_answer_quiz-142\" value=\"ae66ad48e62f26c97844ae6e9b5e265b\" \/><\/span> <\/p>\n<p><\/br><br \/>\n<i style=\"color:grey;\">Les champs marqu\u00e9s d'une (*) sont obligatoires pour valider le formulaire <\/i><\/p>\n<p><input type=\"submit\" value=\"Envoyer\" class=\"wpcf7-form-control has-spinner wpcf7-submit\" \/><\/p>\n<p style=\"display: none !important;\"><label>&#916;<textarea name=\"_wpcf7_ak_hp_textarea\" cols=\"45\" rows=\"8\" maxlength=\"100\"><\/textarea><\/label><input type=\"hidden\" id=\"ak_js_1\" name=\"_wpcf7_ak_js\" value=\"92\"\/><script>document.getElementById( \"ak_js_1\" ).setAttribute( \"value\", ( new Date() ).getTime() );<\/script><\/p><div class=\"wpcf7-response-output\" aria-hidden=\"true\"><\/div><\/form><\/div><\/div>\n\n\n\n<div style=\"height:100px\" aria-hidden=\"true\" class=\"wp-block-spacer\"><\/div>\n\n\n\n<hr class=\"wp-block-separator has-text-color has-background has-black-background-color has-black-color is-style-wide\"\/>\n\n\n\n<p class=\"has-text-align-center\"><strong>Merci \u00e0 vous et \u00e0 bient\u00f4t! \ud83d\ude09<\/strong><\/p>\n\n\n\n<div style=\"height:25px\" aria-hidden=\"true\" class=\"wp-block-spacer\"><\/div>\n\n\n\n<div class=\"wp-block-image\"><figure class=\"aligncenter size-large is-resized\"><img loading=\"lazy\" src=\"https:\/\/santiagoinlove.com\/fr\/wp-content\/uploads\/sites\/2\/2022\/03\/SIL-logo-300.jpg\" alt=\"\" class=\"wp-image-2780\" width=\"150\" height=\"150\" srcset=\"https:\/\/santiagoinlove.com\/fr\/wp-content\/uploads\/sites\/2\/2022\/03\/SIL-logo-300.jpg 300w, https:\/\/santiagoinlove.com\/fr\/wp-content\/uploads\/sites\/2\/2022\/03\/SIL-logo-300-150x150.jpg 150w\" sizes=\"(max-width: 150px) 100vw, 150px\" \/><\/figure><\/div>\n\n\n\n<div style=\"height:100px\" aria-hidden=\"true\" class=\"wp-block-spacer\"><\/div>\n","protected":false},"excerpt":{"rendered":"<p>Une histoire \u00e0 raconter?Un commentaire (constructif) \u00e0 proposer?Une question \u00e0 poser?Une demande de conseil?Un appel au secours?Dans tous les cas, vous avez un besoin irr\u00e9pressible de me contacter&#8230;Respirez, vous \u00eates sur la bonne page! Remplissez le formulaire ci-dessous et envoyez-moi un mail. Je vous r\u00e9pondrai au plus vite! Si vous n&rsquo;avez pas de nouvelles de &hellip;<\/p>\n<p class=\"read-more\"> <a class=\"\" href=\"https:\/\/santiagoinlove.com\/fr\/contact\/\"> <span class=\"screen-reader-text\">Contact<\/span> Lire la suite\u00a0\u00bb<\/a><\/p>\n","protected":false},"author":1,"featured_media":0,"parent":0,"menu_order":0,"comment_status":"closed","ping_status":"closed","template":"","meta":{"_mi_skip_tracking":false,"_monsterinsights_sitenote_active":false,"_monsterinsights_sitenote_note":"","_monsterinsights_sitenote_category":0},"yoast_head":"<!-- This site is optimized with the Yoast SEO plugin v18.3 - https:\/\/yoast.com\/wordpress\/plugins\/seo\/ -->\n<title>Contact - Santiago in Love<\/title>\n<meta name=\"description\" content=\"Anecdotes, partages, questions, demandes, commentaires, appel \u00e0 l&#039;aide... Respirez, c&#039;est la bonne page. Remplissez le formulaire de contact et envoyez!\" \/>\n<meta name=\"robots\" content=\"index, follow, max-snippet:-1, max-image-preview:large, max-video-preview:-1\" \/>\n<link rel=\"canonical\" href=\"https:\/\/santiagoinlove.com\/fr\/contact\/\" \/>\n<meta property=\"og:locale\" content=\"fr_FR\" \/>\n<meta property=\"og:type\" content=\"article\" \/>\n<meta property=\"og:title\" content=\"Contact - Santiago in Love\" \/>\n<meta property=\"og:description\" content=\"Anecdotes, partages, questions, demandes, commentaires, appel \u00e0 l&#039;aide... Respirez, c&#039;est la bonne page. Remplissez le formulaire de contact et envoyez!\" \/>\n<meta property=\"og:url\" content=\"https:\/\/santiagoinlove.com\/fr\/contact\/\" \/>\n<meta property=\"og:site_name\" content=\"Santiago in Love\" \/>\n<meta property=\"article:publisher\" content=\"https:\/\/www.facebook.com\/profile.php?id=100013299885604\" \/>\n<meta property=\"article:modified_time\" content=\"2022-11-07T17:52:04+00:00\" \/>\n<meta property=\"og:image\" content=\"https:\/\/santiagoinlove.com\/fr\/wp-content\/uploads\/sites\/2\/2022\/03\/SIL-logo-300.jpg\" \/>\n<meta name=\"twitter:card\" content=\"summary\" \/>\n<meta name=\"twitter:site\" content=\"@Santiago_InLove\" \/>\n<meta name=\"twitter:label1\" content=\"Dur\u00e9e de lecture estim\u00e9e\" \/>\n\t<meta name=\"twitter:data1\" content=\"1 minute\" \/>\n<script type=\"application\/ld+json\" class=\"yoast-schema-graph\">{\"@context\":\"https:\/\/schema.org\",\"@graph\":[{\"@type\":\"WebSite\",\"@id\":\"https:\/\/santiagoinlove.com\/fr\/#website\",\"url\":\"https:\/\/santiagoinlove.com\/fr\/\",\"name\":\"Santiago in Love\",\"description\":\"100% Compostelle, le Chemin au Coeur\",\"potentialAction\":[{\"@type\":\"SearchAction\",\"target\":{\"@type\":\"EntryPoint\",\"urlTemplate\":\"https:\/\/santiagoinlove.com\/fr\/?s={search_term_string}\"},\"query-input\":\"required name=search_term_string\"}],\"inLanguage\":\"fr-FR\"},{\"@type\":\"ImageObject\",\"@id\":\"https:\/\/santiagoinlove.com\/fr\/contact\/#primaryimage\",\"inLanguage\":\"fr-FR\",\"url\":\"https:\/\/santiagoinlove.com\/fr\/wp-content\/uploads\/sites\/2\/2022\/03\/SIL-logo-300.jpg\",\"contentUrl\":\"https:\/\/santiagoinlove.com\/fr\/wp-content\/uploads\/sites\/2\/2022\/03\/SIL-logo-300.jpg\",\"width\":300,\"height\":300},{\"@type\":\"WebPage\",\"@id\":\"https:\/\/santiagoinlove.com\/fr\/contact\/#webpage\",\"url\":\"https:\/\/santiagoinlove.com\/fr\/contact\/\",\"name\":\"Contact - Santiago in Love\",\"isPartOf\":{\"@id\":\"https:\/\/santiagoinlove.com\/fr\/#website\"},\"primaryImageOfPage\":{\"@id\":\"https:\/\/santiagoinlove.com\/fr\/contact\/#primaryimage\"},\"datePublished\":\"2016-08-02T02:43:19+00:00\",\"dateModified\":\"2022-11-07T17:52:04+00:00\",\"description\":\"Anecdotes, partages, questions, demandes, commentaires, appel \u00e0 l'aide... Respirez, c'est la bonne page. Remplissez le formulaire de contact et envoyez!\",\"breadcrumb\":{\"@id\":\"https:\/\/santiagoinlove.com\/fr\/contact\/#breadcrumb\"},\"inLanguage\":\"fr-FR\",\"potentialAction\":[{\"@type\":\"ReadAction\",\"target\":[\"https:\/\/santiagoinlove.com\/fr\/contact\/\"]}]},{\"@type\":\"BreadcrumbList\",\"@id\":\"https:\/\/santiagoinlove.com\/fr\/contact\/#breadcrumb\",\"itemListElement\":[{\"@type\":\"ListItem\",\"position\":1,\"name\":\"Accueil\",\"item\":\"https:\/\/santiagoinlove.com\/fr\/\"},{\"@type\":\"ListItem\",\"position\":2,\"name\":\"Contact\"}]}]}<\/script>\n<!-- \/ Yoast SEO plugin. -->","yoast_head_json":{"title":"Contact - Santiago in Love","description":"Anecdotes, partages, questions, demandes, commentaires, appel \u00e0 l'aide... Respirez, c'est la bonne page. Remplissez le formulaire de contact et envoyez!","robots":{"index":"index","follow":"follow","max-snippet":"max-snippet:-1","max-image-preview":"max-image-preview:large","max-video-preview":"max-video-preview:-1"},"canonical":"https:\/\/santiagoinlove.com\/fr\/contact\/","og_locale":"fr_FR","og_type":"article","og_title":"Contact - Santiago in Love","og_description":"Anecdotes, partages, questions, demandes, commentaires, appel \u00e0 l'aide... Respirez, c'est la bonne page. Remplissez le formulaire de contact et envoyez!","og_url":"https:\/\/santiagoinlove.com\/fr\/contact\/","og_site_name":"Santiago in Love","article_publisher":"https:\/\/www.facebook.com\/profile.php?id=100013299885604","article_modified_time":"2022-11-07T17:52:04+00:00","og_image":[{"url":"https:\/\/santiagoinlove.com\/fr\/wp-content\/uploads\/sites\/2\/2022\/03\/SIL-logo-300.jpg"}],"twitter_card":"summary","twitter_site":"@Santiago_InLove","twitter_misc":{"Dur\u00e9e de lecture estim\u00e9e":"1 minute"},"schema":{"@context":"https:\/\/schema.org","@graph":[{"@type":"WebSite","@id":"https:\/\/santiagoinlove.com\/fr\/#website","url":"https:\/\/santiagoinlove.com\/fr\/","name":"Santiago in Love","description":"100% Compostelle, le Chemin au Coeur","potentialAction":[{"@type":"SearchAction","target":{"@type":"EntryPoint","urlTemplate":"https:\/\/santiagoinlove.com\/fr\/?s={search_term_string}"},"query-input":"required name=search_term_string"}],"inLanguage":"fr-FR"},{"@type":"ImageObject","@id":"https:\/\/santiagoinlove.com\/fr\/contact\/#primaryimage","inLanguage":"fr-FR","url":"https:\/\/santiagoinlove.com\/fr\/wp-content\/uploads\/sites\/2\/2022\/03\/SIL-logo-300.jpg","contentUrl":"https:\/\/santiagoinlove.com\/fr\/wp-content\/uploads\/sites\/2\/2022\/03\/SIL-logo-300.jpg","width":300,"height":300},{"@type":"WebPage","@id":"https:\/\/santiagoinlove.com\/fr\/contact\/#webpage","url":"https:\/\/santiagoinlove.com\/fr\/contact\/","name":"Contact - Santiago in Love","isPartOf":{"@id":"https:\/\/santiagoinlove.com\/fr\/#website"},"primaryImageOfPage":{"@id":"https:\/\/santiagoinlove.com\/fr\/contact\/#primaryimage"},"datePublished":"2016-08-02T02:43:19+00:00","dateModified":"2022-11-07T17:52:04+00:00","description":"Anecdotes, partages, questions, demandes, commentaires, appel \u00e0 l'aide... Respirez, c'est la bonne page. Remplissez le formulaire de contact et envoyez!","breadcrumb":{"@id":"https:\/\/santiagoinlove.com\/fr\/contact\/#breadcrumb"},"inLanguage":"fr-FR","potentialAction":[{"@type":"ReadAction","target":["https:\/\/santiagoinlove.com\/fr\/contact\/"]}]},{"@type":"BreadcrumbList","@id":"https:\/\/santiagoinlove.com\/fr\/contact\/#breadcrumb","itemListElement":[{"@type":"ListItem","position":1,"name":"Accueil","item":"https:\/\/santiagoinlove.com\/fr\/"},{"@type":"ListItem","position":2,"name":"Contact"}]}]}},"_links":{"self":[{"href":"https:\/\/santiagoinlove.com\/fr\/wp-json\/wp\/v2\/pages\/269"}],"collection":[{"href":"https:\/\/santiagoinlove.com\/fr\/wp-json\/wp\/v2\/pages"}],"about":[{"href":"https:\/\/santiagoinlove.com\/fr\/wp-json\/wp\/v2\/types\/page"}],"author":[{"embeddable":true,"href":"https:\/\/santiagoinlove.com\/fr\/wp-json\/wp\/v2\/users\/1"}],"replies":[{"embeddable":true,"href":"https:\/\/santiagoinlove.com\/fr\/wp-json\/wp\/v2\/comments?post=269"}],"version-history":[{"count":9,"href":"https:\/\/santiagoinlove.com\/fr\/wp-json\/wp\/v2\/pages\/269\/revisions"}],"predecessor-version":[{"id":3711,"href":"https:\/\/santiagoinlove.com\/fr\/wp-json\/wp\/v2\/pages\/269\/revisions\/3711"}],"wp:attachment":[{"href":"https:\/\/santiagoinlove.com\/fr\/wp-json\/wp\/v2\/media?parent=269"}],"curies":[{"name":"wp","href":"https:\/\/api.w.org\/{rel}","templated":true}]}}